{"id":9397,"date":"2022-11-21T16:36:31","date_gmt":"2022-11-21T13:36:31","guid":{"rendered":"https:\/\/romanceistanbulhotel.com\/join-us-for-new-year-gala-dinner-2023\/"},"modified":"2023-11-23T17:52:41","modified_gmt":"2023-11-23T14:52:41","slug":"yeni-yil-gala-yemegi-2024","status":"publish","type":"page","link":"https:\/\/romanceistanbulhotel.com\/tr\/yeni-yil-gala-yemegi-2024\/","title":{"rendered":"Yeni Y\u0131l Gala Yeme\u011fi 2024"},"content":{"rendered":"<div class=\"wpb-content-wrapper\"><p>[vc_row][vc_column width=&#8221;7\/12&#8243;][vc_single_image image=&#8221;9869&#8243; img_size=&#8221;full&#8221; onclick=&#8221;custom_link&#8221; img_link_target=&#8221;_blank&#8221; link=&#8221;https:\/\/romanceistanbulhotel.com\/wp-content\/uploads\/2023\/11\/Gala-Dinner-Menu-TR.pdf&#8221;][\/vc_column][vc_column width=&#8221;5\/12&#8243;][vc_custom_heading text=&#8221;Rezervasyon Yap&#8221; font_container=&#8221;tag:h1|font_size:25|text_align:left&#8221; use_theme_fonts=&#8221;yes&#8221;]<p class=\"wpcf7-contact-form-not-found\"><strong>Hata:<\/strong> \u0130leti\u015fim formu bulunamad\u0131.<\/p>[\/vc_column][\/vc_row]<\/p>\n<\/div>","protected":false},"excerpt":{"rendered":"<p>[vc_row][vc_column width=&#8221;7\/12&#8243;][vc_single_image image=&#8221;9869&#8243; img_size=&#8221;full&#8221; onclick=&#8221;custom_link&#8221; img_link_target=&#8221;_blank&#8221; link=&#8221;https:\/\/romanceistanbulhotel.com\/wp-content\/uploads\/2023\/11\/Gala-Dinner-Menu-TR.pdf&#8221;][\/vc_column][vc_column width=&#8221;5\/12&#8243;][vc_custom_heading text=&#8221;Rezervasyon Yap&#8221; font_container=&#8221;tag:h1|font_size:25|text_align:left&#8221; use_theme_fonts=&#8221;yes&#8221;][\/vc_column][\/vc_row]<\/p>\n","protected":false},"author":1,"featured_media":0,"parent":0,"menu_order":0,"comment_status":"closed","ping_status":"closed","template":"","meta":{"footnotes":""},"class_list":["post-9397","page","type-page","status-publish","hentry"],"_links":{"self":[{"href":"https:\/\/romanceistanbulhotel.com\/tr\/wp-json\/wp\/v2\/pages\/9397","targetHints":{"allow":["GET"]}}],"collection":[{"href":"https:\/\/romanceistanbulhotel.com\/tr\/wp-json\/wp\/v2\/pages"}],"about":[{"href":"https:\/\/romanceistanbulhotel.com\/tr\/wp-json\/wp\/v2\/types\/page"}],"author":[{"embeddable":true,"href":"https:\/\/romanceistanbulhotel.com\/tr\/wp-json\/wp\/v2\/users\/1"}],"replies":[{"embeddable":true,"href":"https:\/\/romanceistanbulhotel.com\/tr\/wp-json\/wp\/v2\/comments?post=9397"}],"version-history":[{"count":6,"href":"https:\/\/romanceistanbulhotel.com\/tr\/wp-json\/wp\/v2\/pages\/9397\/revisions"}],"predecessor-version":[{"id":9888,"href":"https:\/\/romanceistanbulhotel.com\/tr\/wp-json\/wp\/v2\/pages\/9397\/revisions\/9888"}],"wp:attachment":[{"href":"https:\/\/romanceistanbulhotel.com\/tr\/wp-json\/wp\/v2\/media?parent=9397"}],"curies":[{"name":"wp","href":"https:\/\/api.w.org\/{rel}","templated":true}]}}