{"id":8477,"date":"2022-03-14T03:16:13","date_gmt":"2022-03-14T00:16:13","guid":{"rendered":"https:\/\/romanceistanbulhotel.com\/?page_id=8477"},"modified":"2022-03-14T03:17:34","modified_gmt":"2022-03-14T00:17:34","slug":"vizyonumuz","status":"publish","type":"page","link":"https:\/\/romanceistanbulhotel.com\/tr\/surdurulebilirlik\/vizyonumuz\/","title":{"rendered":"Vizyonumuz"},"content":{"rendered":"\n<div class=\"wp-block-columns is-layout-flex wp-container-core-columns-is-layout-9d6595d7 wp-block-columns-is-layout-flex\">\n<div class=\"wp-block-column is-layout-flow wp-block-column-is-layout-flow\">\n<figure class=\"wp-block-image size-full is-style-default\"><img decoding=\"async\" width=\"635\" height=\"389\" data-src=\"https:\/\/romanceistanbulhotel.com\/wp-content\/uploads\/2022\/03\/vision.jpg\" alt=\"\" class=\"wp-image-8462 lazyload\" data-srcset=\"https:\/\/romanceistanbulhotel.com\/wp-content\/uploads\/2022\/03\/vision.jpg 635w, https:\/\/romanceistanbulhotel.com\/wp-content\/uploads\/2022\/03\/vision-600x368.jpg 600w, https:\/\/romanceistanbulhotel.com\/wp-content\/uploads\/2022\/03\/vision-300x184.jpg 300w\" data-sizes=\"(max-width: 635px) 100vw, 635px\" src=\"data:image\/gif;base64,R0lGODlhAQABAAAAACH5BAEKAAEALAAAAAABAAEAAAICTAEAOw==\" style=\"--smush-placeholder-width: 635px; --smush-placeholder-aspect-ratio: 635\/389;\" \/><\/figure>\n<\/div>\n\n\n\n<div class=\"wp-block-column is-layout-flow wp-block-column-is-layout-flow\">\n<h2 class=\"wp-block-heading\">Amac\u0131m\u0131z<em>;<\/em><\/h2>\n\n\n\n<ul class=\"wp-block-list\"><li>Misafir memnuniyetini \u00f6n planda tutarak,<\/li><li>Kar\u015f\u0131l\u0131kl\u0131 g\u00fcveni, sayg\u0131 ve sevgiyi, e\u011fitim ve ileti\u015fimle geli\u015ftirerek,<\/li><li>Tedarik\u00e7ilerimiz ve b\u00f6lge kurulu\u015flar\u0131 ile i\u015fbirli\u011fi i\u00e7erisinde s\u00fcrekli iyile\u015ftirme \u00e7al\u0131\u015fmalar\u0131 yaparak<em>;<\/em><\/li><li>\u0130nsan sa\u011fl\u0131\u011f\u0131n\u0131 koruyarak,<\/li><li>\u00c7evreye kars\u0131 sorumluluklar\u0131m\u0131z\u0131n bilincinde, at\u0131klar\u0131m\u0131z\u0131 kontrol alt\u0131nda tutup, do\u011fal kaynak kullan\u0131m\u0131n\u0131 azaltarak,<\/li><\/ul>\n\n\n\n<p>Takip\u00e7ilik ve sahip \u00e7\u0131kma ilkelerimizden \u00f6d\u00fcn vermeden, misafirlerimizi a\u011f\u0131rlad\u0131\u011f\u0131m\u0131z s\u00fcre i\u00e7inde, huzurlu ve mutlu olabilmeleri i\u00e7in g\u00fcvenli, konforlu ortamlar\u0131 sunmak, Farkl\u0131 beklentilere ayn\u0131 standartlarda cevap verebilen, kendine has tarz\u0131 ile \u015fehir otelcili\u011fi konusunda ulusal ve uluslararas\u0131 pazarda \u00f6ncelikle tercih edilen bir oteller zinciri markas\u0131 olmak ve t\u00fcm bunlar\u0131 ger\u00e7ekle\u015ftirirken de t\u00fcm \u00e7al\u0131\u015fmalar\u0131m\u0131z\u0131n merkezine \u00e7evre bilincini yerle\u015ftirmektir.<\/p>\n<\/div>\n<\/div>\n","protected":false},"excerpt":{"rendered":"<p>Amac\u0131m\u0131z; Misafir memnuniyetini \u00f6n planda tutarak, Kar\u015f\u0131l\u0131kl\u0131 g\u00fcveni, sayg\u0131 ve sevgiyi, e\u011fitim ve ileti\u015fimle geli\u015ftirerek, Tedarik\u00e7ilerimiz ve b\u00f6lge kurulu\u015flar\u0131 ile i\u015fbirli\u011fi i\u00e7erisinde s\u00fcrekli iyile\u015ftirme \u00e7al\u0131\u015fmalar\u0131 yaparak; \u0130nsan sa\u011fl\u0131\u011f\u0131n\u0131 koruyarak, \u00c7evreye kars\u0131 sorumluluklar\u0131m\u0131z\u0131n bilincinde, at\u0131klar\u0131m\u0131z\u0131 kontrol alt\u0131nda tutup, do\u011fal kaynak kullan\u0131m\u0131n\u0131 azaltarak, Takip\u00e7ilik ve sahip \u00e7\u0131kma ilkelerimizden \u00f6d\u00fcn vermeden, misafirlerimizi a\u011f\u0131rlad\u0131\u011f\u0131m\u0131z s\u00fcre i\u00e7inde, huzurlu ve mutlu olabilmeleri i\u00e7in g\u00fcvenli, konforlu ortamlar\u0131 sunmak, Farkl\u0131 beklentilere ayn\u0131 standartlarda cevap verebilen, kendine has tarz\u0131 ile \u015fehir otelcili\u011fi konusunda ulusal ve uluslararas\u0131 pazarda \u00f6ncelikle tercih edilen bir oteller zinciri markas\u0131 olmak ve t\u00fcm bunlar\u0131 ger\u00e7ekle\u015ftirirken de t\u00fcm \u00e7al\u0131\u015fmalar\u0131m\u0131z\u0131n merkezine \u00e7evre bilincini yerle\u015ftirmektir.<\/p>\n","protected":false},"author":1,"featured_media":0,"parent":8417,"menu_order":0,"comment_status":"closed","ping_status":"closed","template":"","meta":{"footnotes":""},"class_list":["post-8477","page","type-page","status-publish","hentry"],"_links":{"self":[{"href":"https:\/\/romanceistanbulhotel.com\/tr\/wp-json\/wp\/v2\/pages\/8477","targetHints":{"allow":["GET"]}}],"collection":[{"href":"https:\/\/romanceistanbulhotel.com\/tr\/wp-json\/wp\/v2\/pages"}],"about":[{"href":"https:\/\/romanceistanbulhotel.com\/tr\/wp-json\/wp\/v2\/types\/page"}],"author":[{"embeddable":true,"href":"https:\/\/romanceistanbulhotel.com\/tr\/wp-json\/wp\/v2\/users\/1"}],"replies":[{"embeddable":true,"href":"https:\/\/romanceistanbulhotel.com\/tr\/wp-json\/wp\/v2\/comments?post=8477"}],"version-history":[{"count":2,"href":"https:\/\/romanceistanbulhotel.com\/tr\/wp-json\/wp\/v2\/pages\/8477\/revisions"}],"predecessor-version":[{"id":8482,"href":"https:\/\/romanceistanbulhotel.com\/tr\/wp-json\/wp\/v2\/pages\/8477\/revisions\/8482"}],"up":[{"embeddable":true,"href":"https:\/\/romanceistanbulhotel.com\/tr\/wp-json\/wp\/v2\/pages\/8417"}],"wp:attachment":[{"href":"https:\/\/romanceistanbulhotel.com\/tr\/wp-json\/wp\/v2\/media?parent=8477"}],"curies":[{"name":"wp","href":"https:\/\/api.w.org\/{rel}","templated":true}]}}