{"id":7180,"date":"2020-11-04T01:02:05","date_gmt":"2020-11-03T22:02:05","guid":{"rendered":"https:\/\/romanceistanbulhotel.com\/our-story\/"},"modified":"2021-09-06T17:35:05","modified_gmt":"2021-09-06T14:35:05","slug":"hikayemiz","status":"publish","type":"page","link":"https:\/\/romanceistanbulhotel.com\/tr\/hikayemiz\/","title":{"rendered":"Hikayemiz"},"content":{"rendered":"\n<p>&#8220;\u0130stanbul, pek \u00e7ok medeniyetin do\u011fu\u015funa ve \u00e7\u00f6k\u00fc\u015f\u00fcne \u015fahit olmu\u015f efsanevi bir \u015fehir, her k\u00f6\u015fesinde yeni bir s\u0131r saklayan gizemli bir yer ve d\u00fcnyan\u0131n nihai bir sahibinin olamayaca\u011f\u0131n\u0131n canl\u0131 kan\u0131t\u0131. Bu y\u00fczden, bu muhte\u015fem \u015fehri ziyaretinizde otelimizde kal\u0131rken sizi, \u015fehrin tarihini ke\u015ffinde rehberlik edecek Osmanl\u0131 sultanlar\u0131n\u0131n t\u0131ls\u0131ml\u0131 g\u00f6mlekleri ile unutulmaz bir yolculu\u011fa davet ediyoruz.<\/p>\n\n\n\n<p>T\u0131ls\u0131m genellikle \u00f6zel bir g\u00fcce ve etkiye sahip objeler ve semboller olarak bilinirdi. Do\u011fu ve \u0130slam medeniyetlerinde kendine s\u0131k\u00e7a yer bulan bu konsept, tarih boyunca pek \u00e7ok \u0130slam devletinin h\u00fck\u00fcmdarlar\u0131n\u0131n kendilerine ait t\u0131ls\u0131ml\u0131 g\u00f6mleklere sahip olmas\u0131na sebep oldu. T\u0131ls\u0131ml\u0131 g\u00f6mlekler giymek Osmanl\u0131 sultanlar\u0131 ve \u00f6nemli devlet adamlar\u0131 aras\u0131nda bir gelenek haline geldi ve bu g\u00f6mleklerin zafer getirici, k\u00f6t\u00fcl\u00fckten koruyucu, refah\u0131 sa\u011flay\u0131c\u0131 veya sahibinin ailesine huzur verici oldu\u011funa inan\u0131ld\u0131.<\/p>\n\n\n\n<p>Otelimizin Osmanl\u0131 saraylar\u0131n\u0131 aratmayan \u015f\u0131kl\u0131\u011f\u0131n\u0131n bir par\u00e7as\u0131 olarak da her oday\u0131 kendine ait hikayelere sahip t\u0131ls\u0131ml\u0131 bir g\u00f6mlekle dekore ettik. Odalar\u0131m\u0131zda sergilenen her g\u00f6mlek, Topkap\u0131 Saray\u0131&#8217;ndaki \u201c16. Y\u00fczy\u0131l Sultan\u2019\u0131n Giysileri Koleksiyonu\u201dnun birebir el yap\u0131m\u0131 kopyalar\u0131d\u0131r.<\/p>\n\n\n\n<p>Bu t\u0131ls\u0131ml\u0131 hikayeleri tamamlamak ve konuklar\u0131m\u0131za g\u00f6z al\u0131c\u0131 \u015fehir \u0130stanbul&#8217;un b\u00fcy\u00fcleyici efsanelerini anlatmak i\u00e7in, otelimizin her koridorunu \u015fehrin gizemli ve \u00fcnl\u00fc binalar\u0131n\u0131n el yap\u0131m\u0131 seramik minyat\u00fcrleriyle s\u00fcsledik.<br>Yukar\u0131daki sayfada, bize ilham veren her g\u00f6mle\u011fi g\u00f6rebilir ve \u00fczerlerine t\u0131klayarak kendi benzersiz hikayelerini okuyabilirsiniz. Ve ortadaki resimde, koridorlar\u0131m\u0131z\u0131 s\u00fcslemek i\u00e7in \u0130stanbul&#8217;dan se\u00e7ti\u011fimiz yap\u0131lar\u0131 g\u00f6rebilirsiniz.<br>Romance Istanbul Hotel&#8217;de, sizlere her Osmanl\u0131 sultan\u0131n\u0131n ya\u015fam\u0131nda b\u00fcy\u00fck \u00f6nemi olan t\u0131ls\u0131ml\u0131 g\u00f6mlekler ile Osmanl\u0131 \u0130mparatorlu\u011fu&#8217;nun tarihine ve zarafetine tan\u0131k olma f\u0131rsat\u0131 sunuyoruz. Her g\u00f6mle\u011fin hikayesi, t\u0131ls\u0131m\u0131n\u0131n gizemlerini ke\u015ffederken sizi Osmanl\u0131\u2019n\u0131n ge\u00e7mi\u015finin b\u00fcy\u00fcl\u00fc d\u00fcnyas\u0131na g\u00f6t\u00fcrecek.<\/p>\n","protected":false},"excerpt":{"rendered":"<p>&#8220;\u0130stanbul, pek \u00e7ok medeniyetin do\u011fu\u015funa ve \u00e7\u00f6k\u00fc\u015f\u00fcne \u015fahit olmu\u015f efsanevi bir \u015fehir, her k\u00f6\u015fesinde yeni bir s\u0131r saklayan gizemli bir yer ve d\u00fcnyan\u0131n nihai bir sahibinin olamayaca\u011f\u0131n\u0131n canl\u0131 kan\u0131t\u0131. Bu y\u00fczden, bu muhte\u015fem \u015fehri ziyaretinizde otelimizde kal\u0131rken sizi, \u015fehrin tarihini ke\u015ffinde rehberlik edecek Osmanl\u0131 sultanlar\u0131n\u0131n t\u0131ls\u0131ml\u0131 g\u00f6mlekleri ile unutulmaz bir yolculu\u011fa davet ediyoruz. T\u0131ls\u0131m genellikle \u00f6zel bir g\u00fcce ve etkiye sahip objeler ve semboller olarak bilinirdi. Do\u011fu ve \u0130slam medeniyetlerinde kendine s\u0131k\u00e7a yer bulan bu konsept, tarih boyunca pek \u00e7ok \u0130slam devletinin h\u00fck\u00fcmdarlar\u0131n\u0131n kendilerine ait t\u0131ls\u0131ml\u0131 g\u00f6mleklere sahip olmas\u0131na sebep oldu. T\u0131ls\u0131ml\u0131 g\u00f6mlekler giymek Osmanl\u0131 sultanlar\u0131 ve \u00f6nemli devlet adamlar\u0131 [&hellip;]<\/p>\n","protected":false},"author":1,"featured_media":0,"parent":0,"menu_order":0,"comment_status":"closed","ping_status":"closed","template":"our-story.php","meta":{"footnotes":""},"class_list":["post-7180","page","type-page","status-publish","hentry"],"_links":{"self":[{"href":"https:\/\/romanceistanbulhotel.com\/tr\/wp-json\/wp\/v2\/pages\/7180","targetHints":{"allow":["GET"]}}],"collection":[{"href":"https:\/\/romanceistanbulhotel.com\/tr\/wp-json\/wp\/v2\/pages"}],"about":[{"href":"https:\/\/romanceistanbulhotel.com\/tr\/wp-json\/wp\/v2\/types\/page"}],"author":[{"embeddable":true,"href":"https:\/\/romanceistanbulhotel.com\/tr\/wp-json\/wp\/v2\/users\/1"}],"replies":[{"embeddable":true,"href":"https:\/\/romanceistanbulhotel.com\/tr\/wp-json\/wp\/v2\/comments?post=7180"}],"version-history":[{"count":1,"href":"https:\/\/romanceistanbulhotel.com\/tr\/wp-json\/wp\/v2\/pages\/7180\/revisions"}],"predecessor-version":[{"id":7865,"href":"https:\/\/romanceistanbulhotel.com\/tr\/wp-json\/wp\/v2\/pages\/7180\/revisions\/7865"}],"wp:attachment":[{"href":"https:\/\/romanceistanbulhotel.com\/tr\/wp-json\/wp\/v2\/media?parent=7180"}],"curies":[{"name":"wp","href":"https:\/\/api.w.org\/{rel}","templated":true}]}}