{"id":7152,"date":"2021-01-26T13:58:09","date_gmt":"2021-01-26T10:58:09","guid":{"rendered":"https:\/\/romanceistanbulhotel.com\/services\/"},"modified":"2025-11-19T11:24:10","modified_gmt":"2025-11-19T08:24:10","slug":"hizmetlerimiz","status":"publish","type":"page","link":"https:\/\/romanceistanbulhotel.com\/tr\/hizmetlerimiz\/","title":{"rendered":"Hizmetlerimiz"},"content":{"rendered":"<div class=\"wpb-content-wrapper\"><p>[vc_row css=&#8221;.vc_custom_1611659044505{border-bottom-width: 1px !important;padding-bottom: 35px !important;border-bottom-color: #f4f4f4 !important;border-bottom-style: solid !important;}&#8221;][vc_column width=&#8221;1\/2&#8243;][vc_custom_heading text=&#8221;Havaalan\u0131 Transfer Hizmeti&#8221; font_container=&#8221;tag:h2|font_size:25|text_align:left&#8221; use_theme_fonts=&#8221;yes&#8221; css=&#8221;.vc_custom_1630939818550{margin-bottom: 20px !important;}&#8221;][vc_column_text]<b>S\u0131cak bir kar\u015f\u0131lama hizmeti ve iyi organize edilmi\u015f bir transfer ile,<\/b> otelimize kolayl\u0131kla ula\u015fabilirsiniz. Havaliman\u0131ndan otelimize \u015f\u0131k ve konforlu \u00f6zel arac\u0131m\u0131zla ula\u015f\u0131m hizmeti sunuyoruz.Bu hizmetimizi kullanmak i\u00e7in (<a href=\"mailto:info@romanceistanbulhotel.com\">info@romanceistanbulhotel.com<\/a>)adresine bir e-posta g\u00f6nderebilirsiniz.[\/vc_column_text][\/vc_column][vc_column width=&#8221;1\/2&#8243;][vc_single_image image=&#8221;6537&#8243; img_size=&#8221;full&#8221;][\/vc_column][\/vc_row][vc_row css=&#8221;.vc_custom_1611659050402{border-bottom-width: 1px !important;padding-top: 35px !important;padding-bottom: 35px !important;border-bottom-color: #f4f4f4 !important;border-bottom-style: solid !important;}&#8221;][vc_column width=&#8221;1\/2&#8243;][vc_single_image image=&#8221;6541&#8243; img_size=&#8221;full&#8221;][\/vc_column][vc_column width=&#8221;1\/2&#8243;][vc_custom_heading text=&#8221;Concierge&#8221; font_container=&#8221;tag:h2|font_size:25|text_align:left&#8221; use_theme_fonts=&#8221;yes&#8221; css=&#8221;.vc_custom_1611659247140{margin-bottom: 20px !important;}&#8221;][vc_column_text]<b>\u00d6n b\u00fcro ve misafir ili\u015fkileri ekibimiz\u00a0<\/b>ekibimiz \u0130stanbul&#8217;u ke\u015ffetmenize yard\u0131mc\u0131 olmak ad\u0131na sizlere rehberlik edecektir. \u015eehir turlar\u0131, ara\u00e7 kiralama, tarihi ve k\u00fclt\u00fcrel mekanlara ili\u015fkin ayr\u0131nt\u0131l\u0131 bilgiler, ziyaret yerleri, al\u0131\u015fveri\u015f alanlar\u0131, restoranlar i\u00e7in rezervasyonlar, \u015fehirdeki etkinlikler ve \u00e7ok daha fazlas\u0131 i\u00e7in misafir ili\u015fkileri \u00e7al\u0131\u015fanlar\u0131 ile ileti\u015fime ge\u00e7ebilirsiniz. Herhangi bir sorunuz veya talebiniz i\u00e7in <a href=\"mailto:info@romanceistanbulhotel.com\">info@romanceistanbulhotel.com<\/a> adresine e-posta g\u00f6nderebilirsiniz.[\/vc_column_text][\/vc_column][\/vc_row][vc_row css=&#8221;.vc_custom_1611659050402{border-bottom-width: 1px !important;padding-top: 35px !important;padding-bottom: 35px !important;border-bottom-color: #f4f4f4 !important;border-bottom-style: solid !important;}&#8221;][vc_column width=&#8221;1\/2&#8243;][vc_custom_heading text=&#8221;\u0130nternet Eri\u015fimi&#8221; font_container=&#8221;tag:h2|font_size:25|text_align:left&#8221; use_theme_fonts=&#8221;yes&#8221; css=&#8221;.vc_custom_1630939879091{margin-bottom: 20px !important;}&#8221;][vc_column_text]<\/p>\n<div class=\"grid_6 text-cloumn\">\n<div class=\"tb\">\n<div class=\"td\">\n<div class=\"quote-text\">\n<div class=\"item\">\n<p>Otel genelinde<b>\u00a0\u00fccretsiz, h\u0131zl\u0131 kablosuz \u0130nternet eri\u015fimi\u00a0<\/b>sa\u011flanmaktad\u0131r.<\/p>\n<\/div>\n<\/div>\n<\/div>\n<\/div>\n<\/div>\n<div class=\"grid_6 image-cloumn\">\n<div class=\"image-container\"><\/div>\n<\/div>\n<p>[\/vc_column_text][\/vc_column][vc_column width=&#8221;1\/2&#8243;][vc_single_image image=&#8221;6539&#8243; img_size=&#8221;full&#8221;][\/vc_column][\/vc_row][vc_row css=&#8221;.vc_custom_1611659050402{border-bottom-width: 1px !important;padding-top: 35px !important;padding-bottom: 35px !important;border-bottom-color: #f4f4f4 !important;border-bottom-style: solid !important;}&#8221;][vc_column width=&#8221;1\/2&#8243;][vc_single_image image=&#8221;6545&#8243; img_size=&#8221;full&#8221;][\/vc_column][vc_column width=&#8221;1\/2&#8243;][vc_custom_heading text=&#8221;\u00c7ama\u015f\u0131r Y\u0131kama &amp; Kuru Temizleme&#8221; font_container=&#8221;tag:h2|font_size:25|text_align:left&#8221; use_theme_fonts=&#8221;yes&#8221; css=&#8221;.vc_custom_1630939909821{margin-bottom: 20px !important;}&#8221;][vc_column_text]<b>Pazar g\u00fcnleri hari\u00e7 her g\u00fcn\u00a0<\/b>misafirlerimize 08:00 \/ 16:00 saatleri aras\u0131nda \u00e7ama\u015f\u0131r y\u0131kama ve kuru temizleme hizmeti verilmektedir.[\/vc_column_text][\/vc_column][\/vc_row][vc_row css=&#8221;.vc_custom_1611659050402{border-bottom-width: 1px !important;padding-top: 35px !important;padding-bottom: 35px !important;border-bottom-color: #f4f4f4 !important;border-bottom-style: solid !important;}&#8221;][vc_column width=&#8221;1\/2&#8243;][vc_custom_heading text=&#8221;24 Saat Oda Servisi&#8221; font_container=&#8221;tag:h2|font_size:25|text_align:left&#8221; use_theme_fonts=&#8221;yes&#8221; css=&#8221;.vc_custom_1630939919666{margin-bottom: 20px !important;}&#8221;][vc_column_text]<b>\u0130ster uyand\u0131rma \u00e7a\u011fr\u0131s\u0131 olarak servis edilen muazzam bir kahvalt\u0131<\/b>, ister at\u0131\u015ft\u0131rmal\u0131k ya da odan\u0131zda romantik bir ak\u015fam yeme\u011fi sipari\u015f edin otelimizde sizin i\u00e7in oda servisi hizmeti sunmaktay\u0131z. G\u00fcler y\u00fczl\u00fc oda servisi ekibimiz 24 saat hizmetinizdedir.[\/vc_column_text][\/vc_column][vc_column width=&#8221;1\/2&#8243;][vc_single_image image=&#8221;6547&#8243; img_size=&#8221;full&#8221;][\/vc_column][\/vc_row]<\/p>\n<\/div>","protected":false},"excerpt":{"rendered":"<p>[vc_row css=&#8221;.vc_custom_1611659044505{border-bottom-width: 1px !important;padding-bottom: 35px !important;border-bottom-color: #f4f4f4 !important;border-bottom-style: solid !important;}&#8221;][vc_column width=&#8221;1\/2&#8243;][vc_custom_heading text=&#8221;Havaalan\u0131 Transfer Hizmeti&#8221; font_container=&#8221;tag:h2|font_size:25|text_align:left&#8221; use_theme_fonts=&#8221;yes&#8221; css=&#8221;.vc_custom_1630939818550{margin-bottom: 20px !important;}&#8221;][vc_column_text]S\u0131cak bir kar\u015f\u0131lama hizmeti ve iyi organize edilmi\u015f bir transfer ile, otelimize kolayl\u0131kla ula\u015fabilirsiniz. Havaliman\u0131ndan otelimize \u015f\u0131k ve konforlu \u00f6zel arac\u0131m\u0131zla ula\u015f\u0131m hizmeti sunuyoruz.Bu hizmetimizi kullanmak i\u00e7in (info@romanceistanbulhotel.com)adresine bir e-posta g\u00f6nderebilirsiniz.[\/vc_column_text][\/vc_column][vc_column width=&#8221;1\/2&#8243;][vc_single_image image=&#8221;6537&#8243; img_size=&#8221;full&#8221;][\/vc_column][\/vc_row][vc_row css=&#8221;.vc_custom_1611659050402{border-bottom-width: 1px !important;padding-top: 35px !important;padding-bottom: 35px !important;border-bottom-color: #f4f4f4 !important;border-bottom-style: solid !important;}&#8221;][vc_column width=&#8221;1\/2&#8243;][vc_single_image image=&#8221;6541&#8243; img_size=&#8221;full&#8221;][\/vc_column][vc_column width=&#8221;1\/2&#8243;][vc_custom_heading text=&#8221;Concierge&#8221; font_container=&#8221;tag:h2|font_size:25|text_align:left&#8221; use_theme_fonts=&#8221;yes&#8221; css=&#8221;.vc_custom_1611659247140{margin-bottom: 20px !important;}&#8221;][vc_column_text]\u00d6n b\u00fcro ve misafir ili\u015fkileri ekibimiz\u00a0ekibimiz \u0130stanbul&#8217;u ke\u015ffetmenize yard\u0131mc\u0131 olmak ad\u0131na sizlere rehberlik edecektir. \u015eehir turlar\u0131, ara\u00e7 kiralama, tarihi ve k\u00fclt\u00fcrel mekanlara ili\u015fkin ayr\u0131nt\u0131l\u0131 bilgiler, ziyaret yerleri, al\u0131\u015fveri\u015f [&hellip;]<\/p>\n","protected":false},"author":2,"featured_media":0,"parent":0,"menu_order":0,"comment_status":"closed","ping_status":"closed","template":"","meta":{"footnotes":""},"class_list":["post-7152","page","type-page","status-publish","hentry"],"_links":{"self":[{"href":"https:\/\/romanceistanbulhotel.com\/tr\/wp-json\/wp\/v2\/pages\/7152","targetHints":{"allow":["GET"]}}],"collection":[{"href":"https:\/\/romanceistanbulhotel.com\/tr\/wp-json\/wp\/v2\/pages"}],"about":[{"href":"https:\/\/romanceistanbulhotel.com\/tr\/wp-json\/wp\/v2\/types\/page"}],"author":[{"embeddable":true,"href":"https:\/\/romanceistanbulhotel.com\/tr\/wp-json\/wp\/v2\/users\/2"}],"replies":[{"embeddable":true,"href":"https:\/\/romanceistanbulhotel.com\/tr\/wp-json\/wp\/v2\/comments?post=7152"}],"version-history":[{"count":4,"href":"https:\/\/romanceistanbulhotel.com\/tr\/wp-json\/wp\/v2\/pages\/7152\/revisions"}],"predecessor-version":[{"id":10651,"href":"https:\/\/romanceistanbulhotel.com\/tr\/wp-json\/wp\/v2\/pages\/7152\/revisions\/10651"}],"wp:attachment":[{"href":"https:\/\/romanceistanbulhotel.com\/tr\/wp-json\/wp\/v2\/media?parent=7152"}],"curies":[{"name":"wp","href":"https:\/\/api.w.org\/{rel}","templated":true}]}}