{"id":7139,"date":"2021-01-26T16:39:13","date_gmt":"2021-01-26T13:39:13","guid":{"rendered":"https:\/\/romanceistanbulhotel.com\/sample-itineries\/"},"modified":"2021-09-06T17:49:53","modified_gmt":"2021-09-06T14:49:53","slug":"ornek-yolculuk-plani","status":"publish","type":"page","link":"https:\/\/romanceistanbulhotel.com\/tr\/ornek-yolculuk-plani\/","title":{"rendered":"\u00d6rnek Yolculuk Plan\u0131"},"content":{"rendered":"<div class=\"wpb-content-wrapper\"><p>[vc_row equal_height=&#8221;yes&#8221; css=&#8221;.vc_custom_1611667107454{background-color: #f7f7f7 !important;}&#8221;][vc_column width=&#8221;1\/2&#8243; css=&#8221;.vc_custom_1611667164524{padding-top: 115px !important;padding-right: 40px !important;padding-bottom: 80px !important;padding-left: 40px !important;}&#8221;][vc_custom_heading text=&#8221;Bir G\u00fcnde \u0130stanbul&#8221; font_container=&#8221;tag:h2|font_size:23|text_align:left&#8221; use_theme_fonts=&#8221;yes&#8221;][vc_column_text]<b>\u00d6zel havaalan\u0131 transferleri,<\/b> rehberli turlar ve benzeri seyahat hizmetleri i\u00e7in l\u00fctfen konsiyerj ekibimizle ileti\u015fime ge\u00e7in: guestrelations@romanceistanbulhotel.com\u2019 a bir mail g\u00f6ndererek Sultanahmet Meydan\u0131&#8217;ndaki Hipodrom&#8217;un hemen yak\u0131n\u0131nda bulunan \u0130stanbul&#8217;un tarihi mekanlar\u0131n\u0131 bir g\u00fcne s\u0131\u011fd\u0131rabilirsiniz.[\/vc_column_text][\/vc_column][vc_column width=&#8221;1\/2&#8243; css=&#8221;.vc_custom_1611668045186{background-image: url(https:\/\/romanceistanbulhotel.com\/wp-content\/uploads\/2021\/01\/istanbul-turkey-galata-galata-bridge.jpg?id=869) !important;background-position: center !important;background-repeat: no-repeat !important;background-size: cover !important;}&#8221;][\/vc_column][\/vc_row][vc_row equal_height=&#8221;yes&#8221; css=&#8221;.vc_custom_1611667107454{background-color: #f7f7f7 !important;}&#8221;][vc_column width=&#8221;1\/2&#8243; css=&#8221;.vc_custom_1611668090228{background-image: url(https:\/\/romanceistanbulhotel.com\/wp-content\/uploads\/2020\/11\/MAIN-ENTRANCE.jpg?id=632) !important;background-position: center !important;background-repeat: no-repeat !important;background-size: cover !important;}&#8221;][\/vc_column][vc_column width=&#8221;1\/2&#8243; css=&#8221;.vc_custom_1611667191337{padding-top: 115px !important;padding-right: 40px !important;padding-bottom: 80px !important;padding-left: 40px !important;background-position: center !important;background-repeat: no-repeat !important;background-size: cover !important;}&#8221;][vc_custom_heading text=&#8221;Bir G\u00fcnde \u0130stanbul \/ Sabah&#8221; font_container=&#8221;tag:h2|font_size:23|text_align:left&#8221; use_theme_fonts=&#8221;yes&#8221;][vc_column_text]<b>Topkap\u0131 Saray\u0131<\/b>\u00a0(Ziyaret\u00e7i Saatleri: Pazartesi, \u00c7ar\u015famba, Per\u015fembe, Cuma, Cumartesileri ve Pazar g\u00fcnleri 09: 00-17: 00 saatleri aras\u0131nda). \u00d6\u011fleden sonralar\u0131 kalabal\u0131k olan Harem&#8217;e Saat 08.45&#8217;de gidebilirsiniz. Ayasofya\u2019da (09:00 ile 16:00 aras\u0131 ziyaret\u00e7ilere a\u00e7\u0131k olup Pazartesi g\u00fcnleri kapal\u0131d\u0131r) yak\u015fal\u0131k bir saatinizi ge\u00e7irebilirsiniz. Sonras\u0131nda Topkap\u0131Saray\u0131&#8217;n\u0131n hemen yan\u0131nda g\u00f6rebilece\u011finiz en iyi mozaikleri ka\u00e7\u0131rmay\u0131n.[\/vc_column_text][\/vc_column][\/vc_row][vc_row equal_height=&#8221;yes&#8221; css=&#8221;.vc_custom_1611667107454{background-color: #f7f7f7 !important;}&#8221;][vc_column width=&#8221;1\/2&#8243; css=&#8221;.vc_custom_1611667164524{padding-top: 115px !important;padding-right: 40px !important;padding-bottom: 80px !important;padding-left: 40px !important;}&#8221;][vc_custom_heading text=&#8221;Bir G\u00fcnde \u0130stanbul \/ \u00d6\u011fleden Sonra&#8221; font_container=&#8221;tag:h2|font_size:23|text_align:left&#8221; use_theme_fonts=&#8221;yes&#8221;][vc_column_text]<b>Sultanahmet Camii<\/b>\u00a0(burada 1\/2 saat ge\u00e7irebilirsiniz). Ayasofya M\u00fczesi\u2019nin kar\u015f\u0131s\u0131nda, Hipodrom&#8217;da yer almaktad\u0131r. Cami namaz vakitlerinden sonra 25 dakika, Cuma g\u00fcnleri g\u00fcn ortas\u0131nda birka\u00e7 saat ziyaret\u00e7ilere kapal\u0131d\u0131r. Bizans Hipodromu (burada 1\/2 saat ge\u00e7irebilirsiniz). Parktaki an\u0131tlar\u0131n tad\u0131n\u0131 \u00e7\u0131kar\u0131n. Bat\u0131k Saray Sarn\u0131c\u0131 (Yerebatan Sarn\u0131c\u0131) (09:00-17:00 saatleri a\u00e7\u0131kt\u0131r burada 1\/2 saat ge\u00e7irebilirsiniz). k\u00fc\u00e7\u00fck park\u0131n alt\u0131ndaki Hipodrom&#8217;un ucunda yer al\u0131r. Kapal\u0131 \u00c7ar\u015f\u0131 (09:00-17:00 saatleri a\u00e7\u0131kt\u0131r, pazar ve tatil g\u00fcnleri kapal\u0131d\u0131r; burada1-2 saat ge\u00e7irebilirsiniz daha fazla al\u0131\u015fveri\u015f i\u00e7in biraz daha fazla zaman\u0131 g\u00f6zden \u00e7\u0131karabilirsiniz). Hipodrom&#8217;dan Divan Yolu \u00fczerinden yoku\u015f yukar\u0131 y\u00fcr\u00fcyerek yol boyunca manzaralar\u0131 seyredip Carsikap\u0131&#8217;ya do\u011fru keyifli bir y\u00fcr\u00fcy\u00fc\u015f yapabilirsiniz.[\/vc_column_text][\/vc_column][vc_column width=&#8221;1\/2&#8243; css=&#8221;.vc_custom_1611668119805{background-image: url(https:\/\/romanceistanbulhotel.com\/wp-content\/uploads\/2021\/01\/blue-mosque.jpg?id=881) !important;background-position: center !important;background-repeat: no-repeat !important;background-size: cover !important;}&#8221;][\/vc_column][\/vc_row][vc_row equal_height=&#8221;yes&#8221; css=&#8221;.vc_custom_1611667107454{background-color: #f7f7f7 !important;}&#8221;][vc_column width=&#8221;1\/2&#8243; css=&#8221;.vc_custom_1611668149759{background-image: url(https:\/\/romanceistanbulhotel.com\/wp-content\/uploads\/2020\/11\/hamam_01-scaled.jpg?id=319) !important;background-position: center !important;background-repeat: no-repeat !important;background-size: cover !important;}&#8221;][\/vc_column][vc_column width=&#8221;1\/2&#8243; css=&#8221;.vc_custom_1611667191337{padding-top: 115px !important;padding-right: 40px !important;padding-bottom: 80px !important;padding-left: 40px !important;background-position: center !important;background-repeat: no-repeat !important;background-size: cover !important;}&#8221;][vc_custom_heading text=&#8221;Bir G\u00fcnde \u0130stanbul \/ Ak\u015fam&#8221; font_container=&#8221;tag:h2|font_size:23|text_align:left&#8221; use_theme_fonts=&#8221;yes&#8221;][vc_column_text]<b>Uzun bir g\u00fcn\u00fc 1-3 saat aras\u0131<\/b>\u00a0s\u00fcrebilecek bir T\u00fcrk Hamam olduk\u00e7a ferahlat\u0131c\u0131 olabilir! Spa merkezimizde ferahlat\u0131c\u0131 ve rahatlat\u0131c\u0131 mesaj servisimizden faydalanabilirsiniz. Sultan Hamam\u0131miz, T\u00fcrk Hamam k\u00fclt\u00fcr\u00fcn\u00fc ya\u015famak i\u00e7in ya\u015famak i\u00e7in m\u00fckemmel bir se\u00e7im olacakt\u0131r.[\/vc_column_text][\/vc_column][\/vc_row][vc_row equal_height=&#8221;yes&#8221; css=&#8221;.vc_custom_1611667107454{background-color: #f7f7f7 !important;}&#8221;][vc_column width=&#8221;1\/2&#8243; css=&#8221;.vc_custom_1611667164524{padding-top: 115px !important;padding-right: 40px !important;padding-bottom: 80px !important;padding-left: 40px !important;}&#8221;][vc_custom_heading text=&#8221;Istanbu\u2019da Haftasonu 2 &#8211; 5 G\u00fcn&#8221; font_container=&#8221;tag:h2|font_size:23|text_align:left&#8221; use_theme_fonts=&#8221;yes&#8221;][vc_column_text]<b>\u0130stanbul&#8217;un en g\u00f6zde turlar\u0131na<\/b>\u00a0bir g\u00fcn (veya iki g\u00fcn \/ 1 gece) ay\u0131rmak aceyele getirilmi\u015f olabilir (ama m\u00fcmk\u00fcn); 3 g\u00fcn \/ 2 gece keyifli olabilir; 4 g\u00fcn \/ 3 gece m\u00fckemmel olacakt\u0131r![\/vc_column_text][\/vc_column][vc_column width=&#8221;1\/2&#8243; css=&#8221;.vc_custom_1611668182000{background-image: url(https:\/\/romanceistanbulhotel.com\/wp-content\/uploads\/2021\/01\/Bosphorus-By-Boat-1.jpg?id=882) !important;background-position: center !important;background-repeat: no-repeat !important;background-size: cover !important;}&#8221;][\/vc_column][\/vc_row][vc_row equal_height=&#8221;yes&#8221; css=&#8221;.vc_custom_1611667107454{background-color: #f7f7f7 !important;}&#8221;][vc_column width=&#8221;1\/2&#8243; css=&#8221;.vc_custom_1611668217726{background-image: url(https:\/\/romanceistanbulhotel.com\/wp-content\/uploads\/2021\/01\/hagia-sophia.jpg?id=873) !important;background-position: center !important;background-repeat: no-repeat !important;background-size: cover !important;}&#8221;][\/vc_column][vc_column width=&#8221;1\/2&#8243; css=&#8221;.vc_custom_1611667191337{padding-top: 115px !important;padding-right: 40px !important;padding-bottom: 80px !important;padding-left: 40px !important;background-position: center !important;background-repeat: no-repeat !important;background-size: cover !important;}&#8221;][vc_custom_heading text=&#8221;1. G\u00fcn&#8221; font_container=&#8221;tag:h2|font_size:23|text_align:left&#8221; use_theme_fonts=&#8221;yes&#8221;][vc_column_text]<b>Sultanahmet Camii, Ayasofya ve Hipodrom<\/b>\u00a0(Per\u015fembe veya Cuma) \u0130stanbul Havaliman\u0131&#8217;ndan Yasmak Sultan Otele vard\u0131\u011f\u0131n\u0131zda teras kat\u0131ndaki Olive Anatolian Restoran\u0131m\u0131zda \u00f6\u011fle yeme\u011finizi yiyebilir sonras\u0131nda, tarihi Bizans \/ \u0130stanbul \/ \u0130stanbul&#8217;un kalbi Sultanahmet&#8217;e: Hipodrom\u2019a, Ayasofya\u2019ya, Sultanahmet Camii\u2019ne ve Yerebatan Saray\u0131\u2019na y\u00fcr\u00fcyerek gidebilirsiniz. Ak\u015fam oldu\u011funda Olive Anatolian Restaurant\u2019\u0131n panaromik manzaras\u0131 e\u015fli\u011finde do\u011fru mum \u0131\u015f\u0131\u011f\u0131nda ak\u015fam yeme\u011finizin tad\u0131n\u0131 \u00e7\u0131karabilirsiniz.[\/vc_column_text][\/vc_column][\/vc_row][vc_row equal_height=&#8221;yes&#8221; css=&#8221;.vc_custom_1611667107454{background-color: #f7f7f7 !important;}&#8221;][vc_column width=&#8221;1\/2&#8243; css=&#8221;.vc_custom_1611667164524{padding-top: 115px !important;padding-right: 40px !important;padding-bottom: 80px !important;padding-left: 40px !important;}&#8221;][vc_custom_heading text=&#8221;2. G\u00fcn&#8221; font_container=&#8221;tag:h2|font_size:23|text_align:left&#8221; use_theme_fonts=&#8221;yes&#8221;][vc_column_text]<b>Topkap\u0131 Saray\u0131, Kapal\u0131\u00e7ar\u015f\u0131, \u0130stiklal Caddesi&#8230;<\/b>\u00a0Kap\u0131lar\u0131 hen\u00fcz a\u00e7\u0131lmadan \u00f6nce Topkap\u0131 Saray\u0131&#8217;na rehberli turdaki yerinizi almak i\u00e7in do\u011frudan Harem&#8217;e gidebilirsiniz. Turdan sonra, belki erken bir \u00f6\u011fle yeme\u011fi ile mola verir ve m\u00fczenin geri kalan\u0131n\u0131 ke\u015ffedebilirsiniz. \u00d6\u011fleden sonra, Divan Yolu boyunca tramvay yolunu takip ederek y\u00fcr\u00fcyebilir veya al\u0131\u015fveri\u015f yapmak i\u00e7in Kapal\u0131 \u00c7ar\u015f\u0131&#8217;ya gidebilirsiniz. G\u00f6rkemli Bizans mozaiklerini g\u00f6rmek i\u00e7in Kariye M\u00fczesi de farkl\u0131 bir se\u00e7enek olacakt\u0131r. Ak\u015famlar\u0131 Beyo\u011flu&#8217;nda \u0130stiklal Caddesi boyunca gezinip bir\u015feyler i\u00e7mek i\u00e7in bir kafe, bistro veya tavernda dinlenip, daha sonra ak\u015fam yeme\u011finizin tad\u0131n\u0131 \u00e7\u0131karabilirsiniz.[\/vc_column_text][\/vc_column][vc_column width=&#8221;1\/2&#8243; css=&#8221;.vc_custom_1611668259896{background-image: url(https:\/\/romanceistanbulhotel.com\/wp-content\/uploads\/2021\/01\/istiklal.jpg?id=884) !important;background-position: center !important;background-repeat: no-repeat !important;background-size: cover !important;}&#8221;][\/vc_column][\/vc_row][vc_row equal_height=&#8221;yes&#8221; css=&#8221;.vc_custom_1611667107454{background-color: #f7f7f7 !important;}&#8221;][vc_column width=&#8221;1\/2&#8243; css=&#8221;.vc_custom_1611668292201{background-image: url(https:\/\/romanceistanbulhotel.com\/wp-content\/uploads\/2021\/01\/Sunset_over_Bosphorus.jpg?id=885) !important;background-position: center !important;background-repeat: no-repeat !important;background-size: cover !important;}&#8221;][\/vc_column][vc_column width=&#8221;1\/2&#8243; css=&#8221;.vc_custom_1611667191337{padding-top: 115px !important;padding-right: 40px !important;padding-bottom: 80px !important;padding-left: 40px !important;background-position: center !important;background-repeat: no-repeat !important;background-size: cover !important;}&#8221;][vc_custom_heading text=&#8221;3. G\u00fcn&#8221; font_container=&#8221;tag:h2|font_size:23|text_align:left&#8221; use_theme_fonts=&#8221;yes&#8221;][vc_column_text]<b>Karadeniz yak\u0131nlar\u0131nda,<\/b>Sar\u0131yer yolculu\u011funa \u00e7\u0131kmak i\u00e7in feribot ile Bo\u011faz Turuna kat\u0131labilirsiniz. \u00d6\u011fle yeme\u011finden sonra, g\u00fcneye gidip Sadberk Han\u0131m M\u00fczesi, Rumeli Hisar kalesi ve \/ veya Y\u0131ld\u0131z Saray\u0131n\u0131 ziyaret edebilirsiniz. Ortak\u00f6y Sahildeki \u00e7ay ve kumpir i\u00e7in bir mola yapabilir, daha sonra Ni\u015fanta\u015f\u0131 veya \u0130stiklal Caddesi boyunca dola\u015fmak i\u00e7in Taksim Meydan\u0131&#8217;na do\u011fru yola \u00e7\u0131kabilirsiniz.[\/vc_column_text][\/vc_column][\/vc_row][vc_row equal_height=&#8221;yes&#8221; css=&#8221;.vc_custom_1611667107454{background-color: #f7f7f7 !important;}&#8221;][vc_column width=&#8221;1\/2&#8243; css=&#8221;.vc_custom_1611667164524{padding-top: 115px !important;padding-right: 40px !important;padding-bottom: 80px !important;padding-left: 40px !important;}&#8221;][vc_custom_heading text=&#8221;4. G\u00fcn&#8221; font_container=&#8221;tag:h2|font_size:23|text_align:left&#8221; use_theme_fonts=&#8221;yes&#8221;][vc_column_text]<b>Bir \u00e7ok se\u00e7ene\u011finiz var!\u00a0<\/b>Evinize d\u00f6nmeden \u00f6nce hala vaktiniz kald\u0131ysa , Arkeoloji M\u00fczeleri, T\u00fcrk ve \u0130slam Eserleri M\u00fczesi veya M\u0131s\u0131r \u00c7ar\u015f\u0131s\u0131&#8217;n\u0131 ziyaret edenilirsiniz (Pazar g\u00fcnleri kapal\u0131d\u0131r, ancak o g\u00fcnde d\u0131\u015far\u0131da b\u00fcy\u00fck bir pazar vard\u0131r); Ya da \u0130stiklal Caddesi \u00fczerindeki sanat ve antikalar ilginizi \u00e7ekebilir; Veya bir saatlik bir bo\u011faz turu i\u00e7in Emin\u00f6n\u00fc&#8217;nden Bo\u011faz boyunca \u00dcsk\u00fcdar, Kad\u0131k\u00f6y ya da Haydarpa\u015fa&#8217;ya giden bir saatlik feribota binebilirsiniz.[\/vc_column_text][\/vc_column][vc_column width=&#8221;1\/2&#8243; css=&#8221;.vc_custom_1611668346734{background-image: url(https:\/\/romanceistanbulhotel.com\/wp-content\/uploads\/2021\/01\/tiem.jpg?id=886) !important;background-position: center !important;background-repeat: no-repeat !important;background-size: cover !important;}&#8221;][\/vc_column][\/vc_row]<\/p>\n<\/div>","protected":false},"excerpt":{"rendered":"<p>[vc_row equal_height=&#8221;yes&#8221; css=&#8221;.vc_custom_1611667107454{background-color: #f7f7f7 !important;}&#8221;][vc_column width=&#8221;1\/2&#8243; css=&#8221;.vc_custom_1611667164524{padding-top: 115px !important;padding-right: 40px !important;padding-bottom: 80px !important;padding-left: 40px !important;}&#8221;][vc_custom_heading text=&#8221;Bir G\u00fcnde \u0130stanbul&#8221; font_container=&#8221;tag:h2|font_size:23|text_align:left&#8221; use_theme_fonts=&#8221;yes&#8221;][vc_column_text]\u00d6zel havaalan\u0131 transferleri, rehberli turlar ve benzeri seyahat hizmetleri i\u00e7in l\u00fctfen konsiyerj ekibimizle ileti\u015fime ge\u00e7in: guestrelations@romanceistanbulhotel.com\u2019 a bir mail g\u00f6ndererek Sultanahmet Meydan\u0131&#8217;ndaki Hipodrom&#8217;un hemen yak\u0131n\u0131nda bulunan \u0130stanbul&#8217;un tarihi mekanlar\u0131n\u0131 bir g\u00fcne s\u0131\u011fd\u0131rabilirsiniz.[\/vc_column_text][\/vc_column][vc_column width=&#8221;1\/2&#8243; css=&#8221;.vc_custom_1611668045186{background-image: url(https:\/\/romanceistanbulhotel.com\/wp-content\/uploads\/2021\/01\/istanbul-turkey-galata-galata-bridge.jpg?id=869) !important;background-position: center !important;background-repeat: no-repeat !important;background-size: cover !important;}&#8221;][\/vc_column][\/vc_row][vc_row equal_height=&#8221;yes&#8221; css=&#8221;.vc_custom_1611667107454{background-color: #f7f7f7 !important;}&#8221;][vc_column width=&#8221;1\/2&#8243; css=&#8221;.vc_custom_1611668090228{background-image: url(https:\/\/romanceistanbulhotel.com\/wp-content\/uploads\/2020\/11\/MAIN-ENTRANCE.jpg?id=632) !important;background-position: center !important;background-repeat: no-repeat !important;background-size: cover !important;}&#8221;][\/vc_column][vc_column width=&#8221;1\/2&#8243; css=&#8221;.vc_custom_1611667191337{padding-top: 115px !important;padding-right: 40px !important;padding-bottom: 80px !important;padding-left: 40px !important;background-position: center !important;background-repeat: no-repeat !important;background-size: cover !important;}&#8221;][vc_custom_heading text=&#8221;Bir G\u00fcnde \u0130stanbul \/ Sabah&#8221; font_container=&#8221;tag:h2|font_size:23|text_align:left&#8221; use_theme_fonts=&#8221;yes&#8221;][vc_column_text]Topkap\u0131 Saray\u0131\u00a0(Ziyaret\u00e7i Saatleri: [&hellip;]<\/p>\n","protected":false},"author":2,"featured_media":0,"parent":0,"menu_order":0,"comment_status":"closed","ping_status":"closed","template":"","meta":{"footnotes":""},"class_list":["post-7139","page","type-page","status-publish","hentry"],"_links":{"self":[{"href":"https:\/\/romanceistanbulhotel.com\/tr\/wp-json\/wp\/v2\/pages\/7139","targetHints":{"allow":["GET"]}}],"collection":[{"href":"https:\/\/romanceistanbulhotel.com\/tr\/wp-json\/wp\/v2\/pages"}],"about":[{"href":"https:\/\/romanceistanbulhotel.com\/tr\/wp-json\/wp\/v2\/types\/page"}],"author":[{"embeddable":true,"href":"https:\/\/romanceistanbulhotel.com\/tr\/wp-json\/wp\/v2\/users\/2"}],"replies":[{"embeddable":true,"href":"https:\/\/romanceistanbulhotel.com\/tr\/wp-json\/wp\/v2\/comments?post=7139"}],"version-history":[{"count":3,"href":"https:\/\/romanceistanbulhotel.com\/tr\/wp-json\/wp\/v2\/pages\/7139\/revisions"}],"predecessor-version":[{"id":7873,"href":"https:\/\/romanceistanbulhotel.com\/tr\/wp-json\/wp\/v2\/pages\/7139\/revisions\/7873"}],"wp:attachment":[{"href":"https:\/\/romanceistanbulhotel.com\/tr\/wp-json\/wp\/v2\/media?parent=7139"}],"curies":[{"name":"wp","href":"https:\/\/api.w.org\/{rel}","templated":true}]}}