{"id":7125,"date":"2021-01-26T16:50:40","date_gmt":"2021-01-26T13:50:40","guid":{"rendered":"https:\/\/romanceistanbulhotel.com\/statement-and-policy-of-security\/"},"modified":"2021-09-06T18:00:49","modified_gmt":"2021-09-06T15:00:49","slug":"guvenlik-beyani-ve-politikasi","status":"publish","type":"page","link":"https:\/\/romanceistanbulhotel.com\/tr\/guvenlik-beyani-ve-politikasi\/","title":{"rendered":"G\u00dcVENL\u0130K BEYANI ve POL\u0130T\u0130KASI"},"content":{"rendered":"\n<p><strong>G\u00dcVENL\u0130K BEYANI ve POL\u0130T\u0130KASI: :<\/strong><\/p>\n\n\n\n<p>www.hotelsultania.com, t\u00fcm \u00fcyelerinin konaklama deneyimini keyifli oldu\u011fu kadar, g\u00fcvenli bir hale getirmek i\u00e7in \u00e7e\u015fitli g\u00fcvenlik \u00f6nlemleri uygulamaktad\u0131r.<a href=\"https:\/\/www.hotelsultania.com\/\"><a href=\"https:\/\/romanceistanbulhotel.com\/?lang=tr\">www.romanceistanbulhotel.com<\/a><\/a>\u2019da kredi kart\u0131 bilgileriniz yaln\u0131zca rezervasyon i\u015flemi ger\u00e7ekle\u015ftirilirken kullan\u0131l\u0131r ve kesinlikle veri taban\u0131nda kay\u0131tl\u0131 olarak tutulmaz.<\/p>\n\n\n\n<p>Bilgilerinizin ger\u00e7ekten\u00a0<a href=\"https:\/\/www.hotelsultania.com\/\"><a href=\"https:\/\/romanceistanbulhotel.com\/?lang=tr\">www.romanceistanbulhotel.com<\/a><\/a>\u2019a g\u00f6nderildi\u011fini g\u00fcvence alt\u0131na alarak, 128 bit \u015fifreleme ile iletilen bilgilerin g\u00fcvenli\u011fini sa\u011flayan SSL Sertifikas\u0131 kullan\u0131lmaktad\u0131r.<\/p>\n\n\n\n<p>Bu G\u00fcvenlik Beyan\u0131 YA\u015eMAK TUR\u0130ZM VE T\u0130CARET A.\u015e\u2019ye ait t\u00fcm internet siteleri i\u00e7in verilmektedir. Sorular\u0131n\u0131z i\u00e7in l\u00fctfen bizimle ileti\u015fime ge\u00e7iniz.<\/p>\n","protected":false},"excerpt":{"rendered":"<p>G\u00dcVENL\u0130K BEYANI ve POL\u0130T\u0130KASI: : www.hotelsultania.com, t\u00fcm \u00fcyelerinin konaklama deneyimini keyifli oldu\u011fu kadar, g\u00fcvenli bir hale getirmek i\u00e7in \u00e7e\u015fitli g\u00fcvenlik \u00f6nlemleri uygulamaktad\u0131r.www.romanceistanbulhotel.com\u2019da kredi kart\u0131 bilgileriniz yaln\u0131zca rezervasyon i\u015flemi ger\u00e7ekle\u015ftirilirken kullan\u0131l\u0131r ve kesinlikle veri taban\u0131nda kay\u0131tl\u0131 olarak tutulmaz. Bilgilerinizin ger\u00e7ekten\u00a0www.romanceistanbulhotel.com\u2019a g\u00f6nderildi\u011fini g\u00fcvence alt\u0131na alarak, 128 bit \u015fifreleme ile iletilen bilgilerin g\u00fcvenli\u011fini sa\u011flayan SSL Sertifikas\u0131 kullan\u0131lmaktad\u0131r. Bu G\u00fcvenlik Beyan\u0131 YA\u015eMAK TUR\u0130ZM VE T\u0130CARET A.\u015e\u2019ye ait t\u00fcm internet siteleri i\u00e7in verilmektedir. Sorular\u0131n\u0131z i\u00e7in l\u00fctfen bizimle ileti\u015fime ge\u00e7iniz.<\/p>\n","protected":false},"author":1,"featured_media":0,"parent":0,"menu_order":0,"comment_status":"closed","ping_status":"closed","template":"","meta":{"footnotes":""},"class_list":["post-7125","page","type-page","status-publish","hentry"],"_links":{"self":[{"href":"https:\/\/romanceistanbulhotel.com\/tr\/wp-json\/wp\/v2\/pages\/7125","targetHints":{"allow":["GET"]}}],"collection":[{"href":"https:\/\/romanceistanbulhotel.com\/tr\/wp-json\/wp\/v2\/pages"}],"about":[{"href":"https:\/\/romanceistanbulhotel.com\/tr\/wp-json\/wp\/v2\/types\/page"}],"author":[{"embeddable":true,"href":"https:\/\/romanceistanbulhotel.com\/tr\/wp-json\/wp\/v2\/users\/1"}],"replies":[{"embeddable":true,"href":"https:\/\/romanceistanbulhotel.com\/tr\/wp-json\/wp\/v2\/comments?post=7125"}],"version-history":[{"count":2,"href":"https:\/\/romanceistanbulhotel.com\/tr\/wp-json\/wp\/v2\/pages\/7125\/revisions"}],"predecessor-version":[{"id":8258,"href":"https:\/\/romanceistanbulhotel.com\/tr\/wp-json\/wp\/v2\/pages\/7125\/revisions\/8258"}],"wp:attachment":[{"href":"https:\/\/romanceistanbulhotel.com\/tr\/wp-json\/wp\/v2\/media?parent=7125"}],"curies":[{"name":"wp","href":"https:\/\/api.w.org\/{rel}","templated":true}]}}