{"id":7122,"date":"2021-01-26T16:51:05","date_gmt":"2021-01-26T13:51:05","guid":{"rendered":"https:\/\/romanceistanbulhotel.com\/cancellation-and-return-agreement\/"},"modified":"2021-09-06T17:59:53","modified_gmt":"2021-09-06T14:59:53","slug":"iptal-ve-iade-sozlesmesi","status":"publish","type":"page","link":"https:\/\/romanceistanbulhotel.com\/tr\/iptal-ve-iade-sozlesmesi\/","title":{"rendered":"\u0130PTAL VE \u0130ADE S\u00d6ZLE\u015eMES\u0130"},"content":{"rendered":"\n<p><strong>\u0130PTAL VE \u0130ADE S\u00d6ZLE\u015eMES\u0130:<\/strong><\/p>\n\n\n\n<p>T\u00fcketici otele giri\u015f tarihinden 2 g\u00fcn \u00f6ncesine kadar iptal talebinde bulunursa \u00fccretsiz olarak iptal s\u00f6z konusu olacak olup; rezervasyon iptali zaman\u0131nda bildirilmeyen rezervasyonlardan 1 gecelik oda \u00fccreti tahsil edilir.<\/p>\n\n\n\n<p>T\u00fcketici, iadesiz yap\u0131lan rezervasyonlarda \u00fccretin iptal edilmeyece\u011fini; bu hallerde t\u00fcketici iptal talebinde bulunur ise ge\u00e7erli olmayaca\u011f\u0131n\u0131 ve s\u00f6zle\u015fme bedelinin tamam\u0131n\u0131 YA\u015eMAK GROUP OTELLER\u0130&#8217;ne \u00f6deyece\u011fini beyan, kabul ve taahh\u00fct eder.<\/p>\n\n\n\n<p>T\u00fcketicinin hizmetin de\u011fi\u015ftirilmesine y\u00f6nelik talebi halinde, bu de\u011fi\u015fikli\u011fin YA\u015eMAK GROUP OTELLER\u0130 taraf\u0131ndan uygun bulunmas\u0131 \u015fart\u0131yla, \u00f6nceki al\u0131nan hizmetle, yeni talep etmi\u015f oldu\u011fu hizmet aras\u0131nda fiyat fark\u0131 var ise t\u00fcketici aradaki fark\u0131, de\u011fi\u015fiklik talebinin kabul\u00fcyle birlikte derhal YA\u015eMAK GROUP OTELLER\u0130 &#8216;ne \u00f6demek zorundad\u0131r.<\/p>\n\n\n\n<p>Ancak yeni hizmetin fiyat\u0131, bir \u00f6nceki hizmet fiyat\u0131ndan d\u00fc\u015f\u00fck ise YA\u015eMAK GROUP OTELLER\u0130 aradaki fark\u0131 t\u00fcketiciye iade edecektir.<\/p>\n\n\n\n<p>T\u00fcketici, kendisinin veya birinci dereceden akrabalar\u0131n\u0131n konaklama d\u00f6nemine denk gelen 10 g\u00fcnl\u00fck mutat i\u015ftigaline engel rahats\u0131zl\u0131klar\u0131n\u0131, Tam Te\u015fekk\u00fcll\u00fc Devlet Hastanesinden al\u0131nacak resmi raporla veya \u00f6l\u00fcm halinde bunun belgelemesi ko\u015fuluyla, rezervasyon iptal talebi kabul edilir ve \u00f6denmesi zorunlu vergi, har\u00e7 ve benzeri yasal y\u00fck\u00fcml\u00fcl\u00fcklerden do\u011fan masraflar ile \u00fc\u00e7\u00fcnc\u00fc ki\u015filere \u00f6denip belgelendirilebilen ve iadesi m\u00fcmk\u00fcn olmayan bedeller hari\u00e7 olmak \u00fczere, t\u00fcketicinin \u00f6demi\u015f oldu\u011fu bedel kendisine iade edilir.<\/p>\n\n\n\n<p>Bu halde rapor ve belgeler hizmetin ba\u015flang\u0131c\u0131ndan \u00f6nce ibraz edilecektir. T\u00fcketicinin ba\u015flang\u0131c\u0131n\u0131 ka\u00e7\u0131rd\u0131\u011f\u0131 konaklama hizmetine i\u015ftirak edece\u011fini yaz\u0131l\u0131 olarak bildirmemesi durumunda; YA\u015eMAK GROUP OTELLER\u0130 t\u00fcketici ad\u0131na yap\u0131lm\u0131\u015f t\u00fcm rezervasyon ve hizmetleri 24 saat sonra iptal etme hakk\u0131na sahiptir.<\/p>\n\n\n\n<p>Bu gibi iptallerde t\u00fcketiciye herhangi bir \u00fccret iadesi yap\u0131lmaz.<\/p>\n\n\n\n<p>Otel, \u00f6deme i\u00e7in V\u0130SA, AMEX ve MASTERCARD kredi kartlar\u0131n\u0131 kabul etmekte olup; var\u0131\u015ftan \u00f6nce belirli bir miktar\u0131 ge\u00e7ici olarak \u00e7ekme hakk\u0131n\u0131 sakl\u0131 tutar.<\/p>\n","protected":false},"excerpt":{"rendered":"<p>\u0130PTAL VE \u0130ADE S\u00d6ZLE\u015eMES\u0130: T\u00fcketici otele giri\u015f tarihinden 2 g\u00fcn \u00f6ncesine kadar iptal talebinde bulunursa \u00fccretsiz olarak iptal s\u00f6z konusu olacak olup; rezervasyon iptali zaman\u0131nda bildirilmeyen rezervasyonlardan 1 gecelik oda \u00fccreti tahsil edilir. T\u00fcketici, iadesiz yap\u0131lan rezervasyonlarda \u00fccretin iptal edilmeyece\u011fini; bu hallerde t\u00fcketici iptal talebinde bulunur ise ge\u00e7erli olmayaca\u011f\u0131n\u0131 ve s\u00f6zle\u015fme bedelinin tamam\u0131n\u0131 YA\u015eMAK GROUP OTELLER\u0130&#8217;ne \u00f6deyece\u011fini beyan, kabul ve taahh\u00fct eder. T\u00fcketicinin hizmetin de\u011fi\u015ftirilmesine y\u00f6nelik talebi halinde, bu de\u011fi\u015fikli\u011fin YA\u015eMAK GROUP OTELLER\u0130 taraf\u0131ndan uygun bulunmas\u0131 \u015fart\u0131yla, \u00f6nceki al\u0131nan hizmetle, yeni talep etmi\u015f oldu\u011fu hizmet aras\u0131nda fiyat fark\u0131 var ise t\u00fcketici aradaki fark\u0131, de\u011fi\u015fiklik talebinin kabul\u00fcyle birlikte derhal YA\u015eMAK GROUP [&hellip;]<\/p>\n","protected":false},"author":1,"featured_media":0,"parent":0,"menu_order":0,"comment_status":"closed","ping_status":"closed","template":"","meta":{"footnotes":""},"class_list":["post-7122","page","type-page","status-publish","hentry"],"_links":{"self":[{"href":"https:\/\/romanceistanbulhotel.com\/tr\/wp-json\/wp\/v2\/pages\/7122","targetHints":{"allow":["GET"]}}],"collection":[{"href":"https:\/\/romanceistanbulhotel.com\/tr\/wp-json\/wp\/v2\/pages"}],"about":[{"href":"https:\/\/romanceistanbulhotel.com\/tr\/wp-json\/wp\/v2\/types\/page"}],"author":[{"embeddable":true,"href":"https:\/\/romanceistanbulhotel.com\/tr\/wp-json\/wp\/v2\/users\/1"}],"replies":[{"embeddable":true,"href":"https:\/\/romanceistanbulhotel.com\/tr\/wp-json\/wp\/v2\/comments?post=7122"}],"version-history":[{"count":1,"href":"https:\/\/romanceistanbulhotel.com\/tr\/wp-json\/wp\/v2\/pages\/7122\/revisions"}],"predecessor-version":[{"id":7882,"href":"https:\/\/romanceistanbulhotel.com\/tr\/wp-json\/wp\/v2\/pages\/7122\/revisions\/7882"}],"wp:attachment":[{"href":"https:\/\/romanceistanbulhotel.com\/tr\/wp-json\/wp\/v2\/media?parent=7122"}],"curies":[{"name":"wp","href":"https:\/\/api.w.org\/{rel}","templated":true}]}}