{"id":7120,"date":"2021-03-02T15:09:14","date_gmt":"2021-03-02T12:09:14","guid":{"rendered":"https:\/\/romanceistanbulhotel.com\/why-book-direct\/"},"modified":"2021-09-06T18:03:56","modified_gmt":"2021-09-06T15:03:56","slug":"why-book-direct","status":"publish","type":"page","link":"https:\/\/romanceistanbulhotel.com\/tr\/why-book-direct\/","title":{"rendered":"Neden Do\u011frudan Rezervasyon Yapmal\u0131s\u0131n\u0131z"},"content":{"rendered":"\n<p>\u25ba En iyi fiyat garantisi politikas\u0131<\/p>\n\n\n\n<p>\u25ba\u00a0Romance \u0130stanbul Hotel, do\u011frudan bizimle rezervasyon yapt\u0131\u011f\u0131n\u0131zda en iyi oda fiyatlar\u0131n\u0131 garanti eder. Rezervasyondan sonraki 12 saat i\u00e7inde ba\u015fka bir web sitesinde daha d\u00fc\u015f\u00fck bir fiyat bulman\u0131z durumunda, bu fiyat\u0131 e\u015fle\u015ftirece\u011fiz ve check-out s\u0131ras\u0131nda %15&#8217;lik ek bir indirimle tamamlayaca\u011f\u0131z.<\/p>\n\n\n\n<p>\u25ba\u00a0Rezervasyon \u00fccreti yok<\/p>\n\n\n\n<p>\u25ba\u00a0Nakit \u00f6demelerde %10 indirim. (Seyahat acentesi veya di\u011fer \u00fc\u00e7\u00fcnc\u00fc \u015fah\u0131s rezervasyonlar\u0131 dahil de\u011fildir.)<br>\u25ba\u00a0Tamamen esnektir \u2013 konaklaman\u0131zdan 24 saat \u00f6ncesine kadar hi\u00e7bir ek \u00fccret \u00f6demeden de\u011fi\u015ftirilebilir veya iptal edilebilir (rezervasyon s\u00fcrecinde a\u00e7\u0131k\u00e7a belirtilmedi\u011fi s\u00fcrece)<br>\u25ba\u00a0\u00dccretsiz internet<\/p>\n","protected":false},"excerpt":{"rendered":"<p>\u25ba En iyi fiyat garantisi politikas\u0131 \u25ba\u00a0Romance \u0130stanbul Hotel, do\u011frudan bizimle rezervasyon yapt\u0131\u011f\u0131n\u0131zda en iyi oda fiyatlar\u0131n\u0131 garanti eder. Rezervasyondan sonraki 12 saat i\u00e7inde ba\u015fka bir web sitesinde daha d\u00fc\u015f\u00fck bir fiyat bulman\u0131z durumunda, bu fiyat\u0131 e\u015fle\u015ftirece\u011fiz ve check-out s\u0131ras\u0131nda %15&#8217;lik ek bir indirimle tamamlayaca\u011f\u0131z. \u25ba\u00a0Rezervasyon \u00fccreti yok \u25ba\u00a0Nakit \u00f6demelerde %10 indirim. (Seyahat acentesi veya di\u011fer \u00fc\u00e7\u00fcnc\u00fc \u015fah\u0131s rezervasyonlar\u0131 dahil de\u011fildir.)\u25ba\u00a0Tamamen esnektir \u2013 konaklaman\u0131zdan 24 saat \u00f6ncesine kadar hi\u00e7bir ek \u00fccret \u00f6demeden de\u011fi\u015ftirilebilir veya iptal edilebilir (rezervasyon s\u00fcrecinde a\u00e7\u0131k\u00e7a belirtilmedi\u011fi s\u00fcrece)\u25ba\u00a0\u00dccretsiz internet<\/p>\n","protected":false},"author":2,"featured_media":0,"parent":0,"menu_order":0,"comment_status":"closed","ping_status":"closed","template":"","meta":{"footnotes":""},"class_list":["post-7120","page","type-page","status-publish","hentry"],"_links":{"self":[{"href":"https:\/\/romanceistanbulhotel.com\/tr\/wp-json\/wp\/v2\/pages\/7120","targetHints":{"allow":["GET"]}}],"collection":[{"href":"https:\/\/romanceistanbulhotel.com\/tr\/wp-json\/wp\/v2\/pages"}],"about":[{"href":"https:\/\/romanceistanbulhotel.com\/tr\/wp-json\/wp\/v2\/types\/page"}],"author":[{"embeddable":true,"href":"https:\/\/romanceistanbulhotel.com\/tr\/wp-json\/wp\/v2\/users\/2"}],"replies":[{"embeddable":true,"href":"https:\/\/romanceistanbulhotel.com\/tr\/wp-json\/wp\/v2\/comments?post=7120"}],"version-history":[{"count":1,"href":"https:\/\/romanceistanbulhotel.com\/tr\/wp-json\/wp\/v2\/pages\/7120\/revisions"}],"predecessor-version":[{"id":7886,"href":"https:\/\/romanceistanbulhotel.com\/tr\/wp-json\/wp\/v2\/pages\/7120\/revisions\/7886"}],"wp:attachment":[{"href":"https:\/\/romanceistanbulhotel.com\/tr\/wp-json\/wp\/v2\/media?parent=7120"}],"curies":[{"name":"wp","href":"https:\/\/api.w.org\/{rel}","templated":true}]}}