{"id":10512,"date":"2025-10-22T12:07:09","date_gmt":"2025-10-22T09:07:09","guid":{"rendered":"https:\/\/romanceistanbulhotel.com\/new-year-gala-menu-2025\/"},"modified":"2025-10-30T11:10:02","modified_gmt":"2025-10-30T08:10:02","slug":"yeni-yil-gala-menusu-2026","status":"publish","type":"page","link":"https:\/\/romanceistanbulhotel.com\/tr\/yeni-yil-gala-menusu-2026\/","title":{"rendered":"Yeni Y\u0131l Gala Men\u00fcs\u00fc 2026"},"content":{"rendered":"<div class=\"wpb-content-wrapper\"><p>[vc_row][vc_column width=&#8221;1\/2&#8243;][vc_single_image image=&#8221;10508&#8243; img_size=&#8221;full&#8221; alignment=&#8221;center&#8221; onclick=&#8221;link_image&#8221; css=&#8221;&#8221;][\/vc_column][vc_column width=&#8221;1\/2&#8243;]\n<div class=\"wpcf7 no-js\" id=\"wpcf7-f10564-o1\" lang=\"en-US\" dir=\"ltr\" data-wpcf7-id=\"10564\">\n<div class=\"screen-reader-response\"><p role=\"status\" aria-live=\"polite\" aria-atomic=\"true\"><\/p> <ul><\/ul><\/div>\n<form action=\"\/tr\/wp-json\/wp\/v2\/pages\/10512#wpcf7-f10564-o1\" method=\"post\" class=\"wpcf7-form init\" aria-label=\"Contact form\" novalidate=\"novalidate\" data-status=\"init\">\n<fieldset class=\"hidden-fields-container\"><input type=\"hidden\" name=\"_wpcf7\" value=\"10564\" \/><input type=\"hidden\" name=\"_wpcf7_version\" value=\"6.1.5\" \/><input type=\"hidden\" name=\"_wpcf7_locale\" value=\"en_US\" \/><input type=\"hidden\" name=\"_wpcf7_unit_tag\" value=\"wpcf7-f10564-o1\" \/><input type=\"hidden\" name=\"_wpcf7_container_post\" value=\"0\" \/><input type=\"hidden\" name=\"_wpcf7_posted_data_hash\" value=\"\" \/><input type=\"hidden\" name=\"_wpcf7dtx_version\" value=\"5.0.3\" \/><input type=\"hidden\" name=\"_wpcf7_recaptcha_response\" value=\"\" \/>\n<\/fieldset>\n<span class=\"wpcf7-form-control-wrap form-name\" data-name=\"form-name\"><input type=\"hidden\" name=\"form-name\" class=\"wpcf7-form-control wpcf7-hidden wpcf7dtx wpcf7dtx-hidden\" aria-invalid=\"false\" value=\"Gala Dinner 2026\"><\/span>\n<span class=\"wpcf7-form-control-wrap cat-name\" data-name=\"cat-name\"><input type=\"hidden\" name=\"cat-name\" class=\"wpcf7-form-control wpcf7-hidden wpcf7dtx wpcf7dtx-hidden\" aria-invalid=\"false\" value=\"Gala Dinner 2026\"><\/span>\n<style>\n .gala-dinner-form { visibility: hidden; }\n<\/style>\n<div class=\"gala-dinner-form\">\n\t<h3 class=\"gala-form-title\">Book your table \/ Yerinizi ay\u0131rt\u0131n \/ \u0417\u0430\u0431\u0440\u043e\u043d\u0438\u0440\u0443\u0439\u0442\u0435 \u0441\u0442\u043e\u043b\n\t<\/h3>\n\t<div class=\"row mt-20\">\n\t\t<div class=\"col\">\n\t\t\t<p><span class=\"wpcf7-form-control-wrap\" data-name=\"your-name\"><input size=\"40\" maxlength=\"400\" class=\"wpcf7-form-control wpcf7-text wpcf7-validates-as-required form-control\" aria-required=\"true\" aria-invalid=\"false\" placeholder=\"Full Name \/ Ad Soyad \/ \u041f\u043e\u043b\u043d\u043e\u0435 \u0438\u043c\u044f\" value=\"\" type=\"text\" name=\"your-name\" \/><\/span>\n\t\t\t<\/p>\n\t\t<\/div>\n\t<\/div>\n\t<div class=\"row mt-20\">\n\t\t<div class=\"col\">\n\t\t\t<p><span class=\"wpcf7-form-control-wrap\" data-name=\"your-phone\"><input size=\"40\" maxlength=\"400\" class=\"wpcf7-form-control wpcf7-text wpcf7-validates-as-required form-control\" aria-required=\"true\" aria-invalid=\"false\" placeholder=\"Phone \/ Telefon \/ \u0422\u0435\u043b\u0435\u0444\u043e\u043d\" value=\"\" type=\"text\" name=\"your-phone\" \/><\/span>\n\t\t\t<\/p>\n\t\t<\/div>\n\t<\/div>\n\t<div class=\"row mt-20\">\n\t\t<div class=\"col\">\n\t\t\t<p><span class=\"wpcf7-form-control-wrap\" data-name=\"your-email\"><input size=\"40\" maxlength=\"400\" class=\"wpcf7-form-control wpcf7-email wpcf7-validates-as-required wpcf7-text wpcf7-validates-as-email form-control\" aria-required=\"true\" aria-invalid=\"false\" placeholder=\"Email \/ E-posta \/ \u042d\u043b. \u043f\u043e\u0447\u0442\u0430\" value=\"\" type=\"email\" name=\"your-email\" \/><\/span>\n\t\t\t<\/p>\n\t\t<\/div>\n\t<\/div>\n\n <!-- Yeni ki\u015fi say\u0131s\u0131 alan\u0131 -->\n\t<div class=\"row mt-20\">\n\t\t<div class=\"col\">\n\t\t\t<p><span class=\"wpcf7-form-control-wrap\" data-name=\"guest-count\"><input class=\"wpcf7-form-control wpcf7-number wpcf7-validates-as-required wpcf7-validates-as-number form-control\" min=\"1\" aria-required=\"true\" aria-invalid=\"false\" placeholder=\"Number of Guests \/ Ki\u015fi Say\u0131s\u0131 \/ \u041a\u043e\u043b\u0438\u0447\u0435\u0441\u0442\u0432\u043e \u043f\u0435\u0440\u0441\u043e\u043d\" value=\"\" type=\"number\" name=\"guest-count\" \/><\/span>\n\t\t\t<\/p>\n\t\t<\/div>\n\t<\/div>\n\t<div class=\"row\">\n\t\t<div class=\"col-md-12\">\n\t\t\t<div class=\"btnlar\" style=\"width: 100%; text-align: right;\">\n\t\t\t\t<p><input class=\"wpcf7-form-control wpcf7-submit has-spinner modformbtn\" type=\"submit\" value=\"Send Request \/ G\u00f6nder \/ \u041e\u0442\u043f\u0440\u0430\u0432\u0438\u0442\u044c\" \/>\n\t\t\t\t<\/p>\n\t\t\t<\/div>\n\t\t<\/div>\n\t<\/div>\n<\/div>\n<p><script>\n(function() {\n const ROOT = '.gala-dinner-form';\n const SEP = '\/';\n const lang = (document.documentElement.lang || 'en').toLowerCase().split('-')[0];\n const idx = ({ en:0, tr:1, ru:2 })[lang] ?? 0;\n\n function pick(t) {\n if (!t || t.indexOf(SEP) === -1) return t;\n const p = t.split(SEP).map(s => s.trim());\n return p[idx] || p[0];\n }\n\n function localize() {\n const rootEl = document.querySelector(ROOT);\n if (!rootEl) return;\n rootEl.querySelectorAll('input[placeholder], textarea[placeholder]').forEach(el => {\n el.setAttribute('placeholder', pick(el.getAttribute('placeholder') || ''));\n });\n rootEl.querySelectorAll('select option').forEach(opt => {\n opt.textContent = pick(opt.textContent);\n });\n rootEl.querySelectorAll('input[type=submit]').forEach(btn => {\n btn.value = pick(btn.value);\n });\n const title = rootEl.querySelector('.gala-form-title');\n if (title) title.textContent = pick(title.textContent);\n rootEl.style.visibility = 'visible';\n }\n\n document.addEventListener('DOMContentLoaded', localize);\n ['wpcf7loaded','wpcf7submit','wpcf7mailsent','wpcf7invalid','wpcf7spam']\n .forEach(ev => document.addEventListener(ev, function() {\n requestAnimationFrame(localize);\n }, false));\n})();\n<\/script>\n<\/p><div class=\"wpcf7-response-output\" aria-hidden=\"true\"><\/div>\n<\/form>\n<\/div>\n[\/vc_column][\/vc_row]<\/p>\n<\/div>","protected":false},"excerpt":{"rendered":"<p>[vc_row][vc_column width=&#8221;1\/2&#8243;][vc_single_image image=&#8221;10508&#8243; img_size=&#8221;full&#8221; alignment=&#8221;center&#8221; onclick=&#8221;link_image&#8221; css=&#8221;&#8221;][\/vc_column][vc_column width=&#8221;1\/2&#8243;][\/vc_column][\/vc_row]<\/p>\n","protected":false},"author":1,"featured_media":0,"parent":0,"menu_order":0,"comment_status":"closed","ping_status":"closed","template":"","meta":{"footnotes":""},"class_list":["post-10512","page","type-page","status-publish","hentry"],"_links":{"self":[{"href":"https:\/\/romanceistanbulhotel.com\/tr\/wp-json\/wp\/v2\/pages\/10512","targetHints":{"allow":["GET"]}}],"collection":[{"href":"https:\/\/romanceistanbulhotel.com\/tr\/wp-json\/wp\/v2\/pages"}],"about":[{"href":"https:\/\/romanceistanbulhotel.com\/tr\/wp-json\/wp\/v2\/types\/page"}],"author":[{"embeddable":true,"href":"https:\/\/romanceistanbulhotel.com\/tr\/wp-json\/wp\/v2\/users\/1"}],"replies":[{"embeddable":true,"href":"https:\/\/romanceistanbulhotel.com\/tr\/wp-json\/wp\/v2\/comments?post=10512"}],"version-history":[{"count":10,"href":"https:\/\/romanceistanbulhotel.com\/tr\/wp-json\/wp\/v2\/pages\/10512\/revisions"}],"predecessor-version":[{"id":10569,"href":"https:\/\/romanceistanbulhotel.com\/tr\/wp-json\/wp\/v2\/pages\/10512\/revisions\/10569"}],"wp:attachment":[{"href":"https:\/\/romanceistanbulhotel.com\/tr\/wp-json\/wp\/v2\/media?parent=10512"}],"curies":[{"name":"wp","href":"https:\/\/api.w.org\/{rel}","templated":true}]}}