{"id":7160,"date":"2020-11-04T11:57:04","date_gmt":"2020-11-04T08:57:04","guid":{"rendered":"https:\/\/romanceistanbulhotel.com\/how-to-arrive\/"},"modified":"2025-02-14T12:27:51","modified_gmt":"2025-02-14T09:27:51","slug":"how-to-arrive","status":"publish","type":"page","link":"https:\/\/romanceistanbulhotel.com\/ru\/how-to-arrive\/","title":{"rendered":"\u041a\u0430\u043a \u0434\u043e\u0435\u0445\u0430\u0442\u044c"},"content":{"rendered":"\r\n<div class=\"wp-block-columns is-layout-flex wp-container-core-columns-is-layout-9d6595d7 wp-block-columns-is-layout-flex\">\r\n  \r\n  <div class=\"wp-block-column is-layout-flow wp-block-column-is-layout-flow\">\r\n    \r\n    <h3 class=\"wp-block-heading\"><strong><strong>\u041a\u0430\u043a \u0434\u043e\u0431\u0440\u0430\u0442\u044c\u0441\u044f \u0434\u043e \u043d\u0430\u0448\u0435\u0433\u043e \u043e\u0442\u0435\u043b\u044f \u0438\u0437 \u0430\u044d\u0440\u043e\u043f\u043e\u0440\u0442\u0430 \u0421\u0442\u0430\u043c\u0431\u0443\u043b\u0430<\/strong><\/strong><\/h3>\r\n    \r\n\r\n    \r\n    <p style=\"font-size: 18px; margin-bottom: 18px;\"><strong>\u041d\u0430 \u0447\u0430\u0441\u0442\u043d\u043e\u043c \u0442\u0440\u0430\u043d\u0441\u0444\u0435\u0440\u0435<\/strong><\/p>\r\n    <p>\u041c\u044b \u043f\u0440\u0435\u0434\u043b\u0430\u0433\u0430\u0435\u043c \u0443\u0441\u043b\u0443\u0433\u0443 \u0447\u0430\u0441\u0442\u043d\u043e\u0433\u043e \u0442\u0440\u0430\u043d\u0441\u0444\u0435\u0440\u0430 \u0438\u0437 \u0430\u044d\u0440\u043e\u043f\u043e\u0440\u0442\u0430 \u0421\u0442\u0430\u043c\u0431\u0443\u043b\u0430 \u0432 \u043d\u0430\u0448 \u043e\u0442\u0435\u043b\u044c. \u041f\u0443\u0442\u0435\u0448\u0435\u0441\u0442\u0432\u0438\u0435 \u0437\u0430\u0439\u043c\u0435\u0442 \u043f\u0440\u0438\u043c\u0435\u0440\u043d\u043e 55 \u043c\u0438\u043d\u0443\u0442. \u0414\u043b\u044f \u0431\u0440\u043e\u043d\u0438\u0440\u043e\u0432\u0430\u043d\u0438\u044f \u0438 \u043f\u043e\u043b\u0443\u0447\u0435\u043d\u0438\u044f \u0438\u043d\u0444\u043e\u0440\u043c\u0430\u0446\u0438\u0438 \u043e \u0446\u0435\u043d\u0430\u0445, \u043f\u043e\u0436\u0430\u043b\u0443\u0439\u0441\u0442\u0430, \u0441\u0432\u044f\u0436\u0438\u0442\u0435\u0441\u044c \u0441 \u043d\u0430\u043c\u0438 \u043f\u043e \u0430\u0434\u0440\u0435\u0441\u0443: <\/p>\r\n    <p style=\"margin-bottom: 18px;\"><a href=\"mailto:info@romanceistanbulhotel.com\">info@romanceistanbulhotel.com<\/a>.<\/p>\r\n    \r\n\r\n    \r\n    <p style=\"font-size: 18px; margin-bottom: 18px;\"><strong>\u041d\u0430 \u0442\u0430\u043a\u0441\u0438<\/strong><\/p>\r\n    <p>\u0422\u0430\u043a\u0441\u0438 \u0434\u043e\u0441\u0442\u0443\u043f\u043d\u044b \u0432 \u0430\u044d\u0440\u043e\u043f\u043e\u0440\u0442\u0443 \u0421\u0442\u0430\u043c\u0431\u0443\u043b\u0430 24 \u0447\u0430\u0441\u0430 \u0432 \u0441\u0443\u0442\u043a\u0438, 7 \u0434\u043d\u0435\u0439 \u0432 \u043d\u0435\u0434\u0435\u043b\u044e. \u041f\u043e\u0435\u0437\u0434\u043a\u0430 \u0432 \u043d\u0430\u0448 \u043e\u0442\u0435\u043b\u044c \u0437\u0430\u0439\u043c\u0435\u0442 \u043f\u0440\u0438\u043c\u0435\u0440\u043d\u043e 50 \u043c\u0438\u043d\u0443\u0442 \u0432 \u0437\u0430\u0432\u0438\u0441\u0438\u043c\u043e\u0441\u0442\u0438 \u043e\u0442 \u0442\u0440\u0430\u0444\u0438\u043a\u0430. \u0414\u043b\u044f \u043d\u0430\u0432\u0438\u0433\u0430\u0446\u0438\u0438 \u0438\u0441\u043f\u043e\u043b\u044c\u0437\u0443\u0439\u0442\u0435 \u043d\u0430\u0448 \u0430\u0434\u0440\u0435\u0441: <\/p>\r\n    <p style=\"margin-bottom: 18px;\"><a href=\"https:\/\/goo.gl\/maps\/hVtpKnn8xEQWhwL47\" target=\"_blank\" rel=\"noreferrer noopener\">H\u00fcdavendigar Cd. No:5, Sirkeci, 34110 \u0130stanbul, TURKEY<\/a><\/p>\r\n    \r\n\r\n    \r\n    <p style=\"font-size: 18px; margin-bottom: 18px;\"><strong>\u041d\u0430 \u043c\u0435\u0442\u0440\u043e<\/strong><\/p>\r\n    <ul style=\"list-style-type: disc !important; padding-left: 20px;\">\r\n      <li>\u0421\u0430\u0434\u0438\u0442\u0435\u0441\u044c \u043d\u0430 \u043b\u0438\u043d\u0438\u044e \u043c\u0435\u0442\u0440\u043e M11 \u0432 \u0430\u044d\u0440\u043e\u043f\u043e\u0440\u0442\u0443 \u0421\u0442\u0430\u043c\u0431\u0443\u043b\u0430 \u0438 \u043f\u043e\u0435\u0437\u0436\u0430\u0439\u0442\u0435 \u0434\u043e Gayrettepe (30 \u043c\u0438\u043d\u0443\u0442).<\/li>\r\n      <li>\u041d\u0430 Gayrettepe \u043f\u0435\u0440\u0435\u0441\u0430\u0436\u0438\u0432\u0430\u0439\u0442\u0435\u0441\u044c \u043d\u0430 \u043b\u0438\u043d\u0438\u044e \u043c\u0435\u0442\u0440\u043e M2 \u0438 \u043f\u043e\u0435\u0437\u0436\u0430\u0439\u0442\u0435 \u0434\u043e \u0441\u0442\u0430\u043d\u0446\u0438\u0438 Vezneciler.<\/li>\r\n      <li>\u041d\u0430 Vezneciler \u043f\u0435\u0440\u0435\u0441\u0430\u0436\u0438\u0432\u0430\u0439\u0442\u0435\u0441\u044c \u043d\u0430 \u0442\u0440\u0430\u043c\u0432\u0430\u0439\u043d\u0443\u044e \u043b\u0438\u043d\u0438\u044e T1 \u0438 \u0432\u044b\u0445\u043e\u0434\u0438\u0442\u0435 \u043d\u0430 \u0441\u0442\u0430\u043d\u0446\u0438\u0438 G\u00fclhane.<\/li>\r\n      <li>\u041e\u0442\u0435\u043b\u044c \u043d\u0430\u0445\u043e\u0434\u0438\u0442\u0441\u044f \u0432 2 \u043c\u0438\u043d\u0443\u0442\u0430\u0445 \u0445\u043e\u0434\u044c\u0431\u044b \u043e\u0442 \u0441\u0442\u0430\u043d\u0446\u0438\u0438 G\u00fclhane.<\/li>\r\n    <\/ul>\r\n    <p style=\"margin-bottom: 18px;\"><strong>\u041e\u0440\u0438\u0435\u043d\u0442\u0438\u0440\u043e\u0432\u043e\u0447\u043d\u043e\u0435 \u0432\u0440\u0435\u043c\u044f \u0432 \u043f\u0443\u0442\u0438:<\/strong> 1 \u0447\u0430\u0441 10 \u043c\u0438\u043d\u0443\u0442<\/p>\r\n    \r\n\r\n    \r\n    <p style=\"font-size: 18px; margin-bottom: 18px;\"><strong>\u041d\u0430 \u0430\u0432\u0442\u043e\u0431\u0443\u0441\u0435 HAVA\u0130ST \u0438 \u043c\u0435\u0442\u0440\u043e<\/strong><\/p>\r\n    <ul style=\"list-style-type: disc !important; padding-left: 20px;\">\r\n      <li>\u0421\u0430\u0434\u0438\u0442\u0435\u0441\u044c \u043d\u0430 \u0430\u0432\u0442\u043e\u0431\u0443\u0441 HAVA\u0130ST IST-1 \u0438\u0437 \u0430\u044d\u0440\u043e\u043f\u043e\u0440\u0442\u0430 \u0421\u0442\u0430\u043c\u0431\u0443\u043b\u0430 \u0434\u043e Aksaray (1 \u0447\u0430\u0441 30 \u043c\u0438\u043d\u0443\u0442).<\/li>\r\n      <li>\u0418\u0437 Aksaray \u0438\u0434\u0438\u0442\u0435 \u043f\u0435\u0448\u043a\u043e\u043c \u0434\u043e \u043e\u0441\u0442\u0430\u043d\u043e\u0432\u043a\u0438 \u0442\u0440\u0430\u043c\u0432\u0430\u044f Laleli-\u00dcniversite T1 (5 \u043c\u0438\u043d\u0443\u0442).<\/li>\r\n      <li>\u0421\u0430\u0434\u0438\u0442\u0435\u0441\u044c \u043d\u0430 \u0442\u0440\u0430\u043c\u0432\u0430\u0439\u043d\u0443\u044e \u043b\u0438\u043d\u0438\u044e T1 \u0438 \u0432\u044b\u0445\u043e\u0434\u0438\u0442\u0435 \u043d\u0430 \u0441\u0442\u0430\u043d\u0446\u0438\u0438 G\u00fclhane.<\/li>\r\n      <li>\u041e\u0442\u0435\u043b\u044c \u043d\u0430\u0445\u043e\u0434\u0438\u0442\u0441\u044f \u0432 2 \u043c\u0438\u043d\u0443\u0442\u0430\u0445 \u0445\u043e\u0434\u044c\u0431\u044b \u043e\u0442 \u0441\u0442\u0430\u043d\u0446\u0438\u0438 G\u00fclhane.<\/li>\r\n    <\/ul>\r\n    <p style=\"margin-bottom: 18px;\"><strong>\u041e\u0440\u0438\u0435\u043d\u0442\u0438\u0440\u043e\u0432\u043e\u0447\u043d\u043e\u0435 \u0432\u0440\u0435\u043c\u044f \u0432 \u043f\u0443\u0442\u0438:<\/strong> 1 \u0447\u0430\u0441 50 \u043c\u0438\u043d\u0443\u0442<\/p>\r\n    \r\n  <\/div>\r\n  \r\n\r\n  \r\n  <div class=\"wp-block-column is-layout-flow wp-block-column-is-layout-flow\">\r\n    \r\n    <h3 class=\"wp-block-heading\"><strong><strong>\u041a\u0430\u043a \u0434\u043e\u0431\u0440\u0430\u0442\u044c\u0441\u044f \u0434\u043e \u043d\u0430\u0448\u0435\u0433\u043e \u043e\u0442\u0435\u043b\u044f \u0438\u0437 \u0430\u044d\u0440\u043e\u043f\u043e\u0440\u0442\u0430 \u0421\u0430\u0431\u0438\u0445\u0438 \u0413\u0451\u043a\u0447\u0435\u043d<\/strong><\/strong><\/h3>\r\n    \r\n\r\n    \r\n    <p style=\"font-size: 18px; margin-bottom: 18px;\"><strong>\u041d\u0430 \u0447\u0430\u0441\u0442\u043d\u043e\u043c \u0442\u0440\u0430\u043d\u0441\u0444\u0435\u0440\u0435<\/strong><\/p>\r\n    <p>\u041c\u044b \u043f\u0440\u0435\u0434\u043e\u0441\u0442\u0430\u0432\u043b\u044f\u0435\u043c \u0443\u0441\u043b\u0443\u0433\u0443 \u0447\u0430\u0441\u0442\u043d\u043e\u0433\u043e \u0442\u0440\u0430\u043d\u0441\u0444\u0435\u0440\u0430 \u0438\u0437 \u0430\u044d\u0440\u043e\u043f\u043e\u0440\u0442\u0430 \u0421\u0430\u0431\u0438\u0445\u0438 \u0413\u0451\u043a\u0447\u0435\u043d \u0432 \u043d\u0430\u0448 \u043e\u0442\u0435\u043b\u044c. \u041f\u0443\u0442\u0435\u0448\u0435\u0441\u0442\u0432\u0438\u0435 \u0437\u0430\u0439\u043c\u0435\u0442 \u043f\u0440\u0438\u043c\u0435\u0440\u043d\u043e 60 \u043c\u0438\u043d\u0443\u0442. \u0414\u043b\u044f \u0431\u0440\u043e\u043d\u0438\u0440\u043e\u0432\u0430\u043d\u0438\u044f \u0438 \u043f\u043e\u043b\u0443\u0447\u0435\u043d\u0438\u044f \u0438\u043d\u0444\u043e\u0440\u043c\u0430\u0446\u0438\u0438 \u043e \u0446\u0435\u043d\u0430\u0445, \u043f\u043e\u0436\u0430\u043b\u0443\u0439\u0441\u0442\u0430, \u0441\u0432\u044f\u0436\u0438\u0442\u0435\u0441\u044c \u0441 \u043d\u0430\u043c\u0438 \u043f\u043e \u0430\u0434\u0440\u0435\u0441\u0443: <\/p><p style=\"margin-bottom: 18px;\"><a href=\"mailto:info@romanceistanbulhotel.com\">info@romanceistanbulhotel.com<\/a>.<\/p>\r\n    \r\n\r\n    \r\n    <p style=\"font-size: 18px; margin-bottom: 18px;\"><strong>\u041d\u0430 \u0442\u0430\u043a\u0441\u0438<\/strong><\/p>\r\n    <p>\u0422\u0430\u043a\u0441\u0438 \u0434\u043e\u0441\u0442\u0443\u043f\u043d\u044b \u0432 \u0430\u044d\u0440\u043e\u043f\u043e\u0440\u0442\u0443 \u0421\u0430\u0431\u0438\u0445\u0438 \u0413\u0451\u043a\u0447\u0435\u043d 24 \u0447\u0430\u0441\u0430 \u0432 \u0441\u0443\u0442\u043a\u0438, 7 \u0434\u043d\u0435\u0439 \u0432 \u043d\u0435\u0434\u0435\u043b\u044e. \u041e\u0436\u0438\u0434\u0430\u0435\u043c\u043e\u0435 \u0432\u0440\u0435\u043c\u044f \u0432 \u043f\u0443\u0442\u0438 \u2014 55 \u043c\u0438\u043d\u0443\u0442, \u0432 \u0437\u0430\u0432\u0438\u0441\u0438\u043c\u043e\u0441\u0442\u0438 \u043e\u0442 \u0442\u0440\u0430\u0444\u0438\u043a\u0430.<\/p>\r\n    <p>\u0414\u043b\u044f \u043d\u0430\u0432\u0438\u0433\u0430\u0446\u0438\u0438 \u0438\u0441\u043f\u043e\u043b\u044c\u0437\u0443\u0439\u0442\u0435 \u043d\u0430\u0448 \u0430\u0434\u0440\u0435\u0441:<\/p>\r\n    <p style=\"margin-bottom: 18px;\"><a href=\"https:\/\/goo.gl\/maps\/hVtpKnn8xEQWhwL47\" target=\"_blank\" rel=\"noreferrer noopener\">H\u00fcdavendigar Cd. No:5, Sirkeci, 34110 \u0130stanbul, TURKEY<\/a><\/p>\r\n    \r\n\r\n    \r\n    <p style=\"font-size: 18px; margin-bottom: 18px;\"><strong>\u041d\u0430 \u043c\u0435\u0442\u0440\u043e \u0438 \u041c\u0430\u0440\u043c\u0430\u0440\u0430\u0439<\/strong><\/p>\r\n    <ul style=\"list-style-type: disc !important; padding-left: 20px;\">\r\n      <li>\u0421\u0430\u0434\u0438\u0442\u0435\u0441\u044c \u043d\u0430 \u043b\u0438\u043d\u0438\u044e \u043c\u0435\u0442\u0440\u043e M4 \u0438\u0437 \u0430\u044d\u0440\u043e\u043f\u043e\u0440\u0442\u0430 \u0421\u0430\u0431\u0438\u0445\u0438 \u0413\u0451\u043a\u0447\u0435\u043d \u0434\u043e \u0441\u0442\u0430\u043d\u0446\u0438\u0438 Ayr\u0131l\u0131k \u00c7e\u015fmesi (50 \u043c\u0438\u043d\u0443\u0442).<\/li>\r\n      <li>\u041f\u0435\u0440\u0435\u0441\u0430\u0436\u0438\u0432\u0430\u0439\u0442\u0435\u0441\u044c \u043d\u0430 \u041c\u0430\u0440\u043c\u0430\u0440\u0430\u0439 \u0438 \u0435\u0434\u044c\u0442\u0435 \u0434\u043e \u0441\u0442\u0430\u043d\u0446\u0438\u0438 Sirkeci (10 \u043c\u0438\u043d\u0443\u0442).<\/li>\r\n      <li>\u041e\u0442\u0435\u043b\u044c \u043d\u0430\u0445\u043e\u0434\u0438\u0442\u0441\u044f \u0432 10 \u043c\u0438\u043d\u0443\u0442\u0430\u0445 \u0445\u043e\u0434\u044c\u0431\u044b \u043e\u0442 \u0441\u0442\u0430\u043d\u0446\u0438\u0438 Sirkeci.<\/li>\r\n    <\/ul>\r\n    <p style=\"margin-bottom: 18px;\"><strong>\u041e\u0440\u0438\u0435\u043d\u0442\u0438\u0440\u043e\u0432\u043e\u0447\u043d\u043e\u0435 \u0432\u0440\u0435\u043c\u044f \u0432 \u043f\u0443\u0442\u0438:<\/strong> 1 \u0447\u0430\u0441 25 \u043c\u0438\u043d\u0443\u0442<\/p>\r\n    \r\n\r\n    \r\n    <p style=\"font-size: 18px; margin-bottom: 18px;\"><strong>\u041d\u0430 \u0430\u0432\u0442\u043e\u0431\u0443\u0441\u0435 HAVABUS \u0438 \u0442\u0440\u0430\u043c\u0432\u0430\u0435<\/strong><\/p>\r\n    <ul style=\"list-style-type: disc !important; padding-left: 20px;\">\r\n      <li>\u0421\u0430\u0434\u0438\u0442\u0435\u0441\u044c \u043d\u0430 \u0430\u0432\u0442\u043e\u0431\u0443\u0441 HAVABUS \u0438\u0437 \u0430\u044d\u0440\u043e\u043f\u043e\u0440\u0442\u0430 \u0421\u0430\u0431\u0438\u0445\u0438 \u0413\u0451\u043a\u0447\u0435\u043d \u0434\u043e \u0422\u0430\u043a\u0441\u0438\u043c\u0430 (1 \u0447\u0430\u0441 30 \u043c\u0438\u043d\u0443\u0442).<\/li>\r\n      <li>\u0412 \u0422\u0430\u043a\u0441\u0438\u043c\u0435 \u0432\u043e\u0441\u043f\u043e\u043b\u044c\u0437\u0443\u0439\u0442\u0435\u0441\u044c \u0444\u0443\u043d\u0438\u043a\u0443\u043b\u0435\u0440\u043e\u043c \u0422aksim-\u041aabata\u015f, \u0447\u0442\u043e\u0431\u044b \u0434\u043e\u0431\u0440\u0430\u0442\u044c\u0441\u044f \u0434\u043e Kabata\u015f.<\/li>\r\n      <li>\u0418\u0437 Kabata\u015f \u0441\u0430\u0434\u0438\u0442\u0435\u0441\u044c \u043d\u0430 \u0442\u0440\u0430\u043c\u0432\u0430\u0439\u043d\u0443\u044e \u043b\u0438\u043d\u0438\u044e T1 \u0438 \u0432\u044b\u0445\u043e\u0434\u0438\u0442\u0435 \u043d\u0430 \u0441\u0442\u0430\u043d\u0446\u0438\u0438 G\u00fclhane.<\/li>\r\n      <li>\u041e\u0442\u0435\u043b\u044c \u043d\u0430\u0445\u043e\u0434\u0438\u0442\u0441\u044f \u0432 2 \u043c\u0438\u043d\u0443\u0442\u0430\u0445 \u0445\u043e\u0434\u044c\u0431\u044b \u043e\u0442 \u0441\u0442\u0430\u043d\u0446\u0438\u0438 G\u00fclhane.<\/li>\r\n    <\/ul>\r\n    <p style=\"margin-bottom: 18px;\"><strong>\u041e\u0440\u0438\u0435\u043d\u0442\u0438\u0440\u043e\u0432\u043e\u0447\u043d\u043e\u0435 \u0432\u0440\u0435\u043c\u044f \u0432 \u043f\u0443\u0442\u0438:<\/strong> 2 \u0447\u0430\u0441\u0430 15 \u043c\u0438\u043d\u0443\u0442<\/p>\r\n    \r\n  <\/div>\r\n  \r\n<\/div>\r\n\r\n","protected":false},"excerpt":{"rendered":"<p>\u041a\u0430\u043a \u0434\u043e\u0431\u0440\u0430\u0442\u044c\u0441\u044f \u0434\u043e \u043d\u0430\u0448\u0435\u0433\u043e \u043e\u0442\u0435\u043b\u044f \u0438\u0437 \u0430\u044d\u0440\u043e\u043f\u043e\u0440\u0442\u0430 \u0421\u0442\u0430\u043c\u0431\u0443\u043b\u0430 \u041d\u0430 \u0447\u0430\u0441\u0442\u043d\u043e\u043c \u0442\u0440\u0430\u043d\u0441\u0444\u0435\u0440\u0435 \u041c\u044b \u043f\u0440\u0435\u0434\u043b\u0430\u0433\u0430\u0435\u043c \u0443\u0441\u043b\u0443\u0433\u0443 \u0447\u0430\u0441\u0442\u043d\u043e\u0433\u043e \u0442\u0440\u0430\u043d\u0441\u0444\u0435\u0440\u0430 \u0438\u0437 \u0430\u044d\u0440\u043e\u043f\u043e\u0440\u0442\u0430 \u0421\u0442\u0430\u043c\u0431\u0443\u043b\u0430 \u0432 \u043d\u0430\u0448 \u043e\u0442\u0435\u043b\u044c. \u041f\u0443\u0442\u0435\u0448\u0435\u0441\u0442\u0432\u0438\u0435 \u0437\u0430\u0439\u043c\u0435\u0442 \u043f\u0440\u0438\u043c\u0435\u0440\u043d\u043e 55 \u043c\u0438\u043d\u0443\u0442. \u0414\u043b\u044f \u0431\u0440\u043e\u043d\u0438\u0440\u043e\u0432\u0430\u043d\u0438\u044f \u0438 \u043f\u043e\u043b\u0443\u0447\u0435\u043d\u0438\u044f \u0438\u043d\u0444\u043e\u0440\u043c\u0430\u0446\u0438\u0438 \u043e \u0446\u0435\u043d\u0430\u0445, \u043f\u043e\u0436\u0430\u043b\u0443\u0439\u0441\u0442\u0430, \u0441\u0432\u044f\u0436\u0438\u0442\u0435\u0441\u044c \u0441 \u043d\u0430\u043c\u0438 \u043f\u043e \u0430\u0434\u0440\u0435\u0441\u0443: info@romanceistanbulhotel.com. \u041d\u0430 \u0442\u0430\u043a\u0441\u0438 \u0422\u0430\u043a\u0441\u0438 \u0434\u043e\u0441\u0442\u0443\u043f\u043d\u044b \u0432 \u0430\u044d\u0440\u043e\u043f\u043e\u0440\u0442\u0443 \u0421\u0442\u0430\u043c\u0431\u0443\u043b\u0430 24 \u0447\u0430\u0441\u0430 \u0432 \u0441\u0443\u0442\u043a\u0438, 7 \u0434\u043d\u0435\u0439 \u0432 \u043d\u0435\u0434\u0435\u043b\u044e. \u041f\u043e\u0435\u0437\u0434\u043a\u0430 \u0432 \u043d\u0430\u0448 \u043e\u0442\u0435\u043b\u044c \u0437\u0430\u0439\u043c\u0435\u0442 \u043f\u0440\u0438\u043c\u0435\u0440\u043d\u043e 50 \u043c\u0438\u043d\u0443\u0442 \u0432 \u0437\u0430\u0432\u0438\u0441\u0438\u043c\u043e\u0441\u0442\u0438 \u043e\u0442 \u0442\u0440\u0430\u0444\u0438\u043a\u0430. \u0414\u043b\u044f \u043d\u0430\u0432\u0438\u0433\u0430\u0446\u0438\u0438 \u0438\u0441\u043f\u043e\u043b\u044c\u0437\u0443\u0439\u0442\u0435 \u043d\u0430\u0448 \u0430\u0434\u0440\u0435\u0441: H\u00fcdavendigar Cd. No:5, Sirkeci, 34110 \u0130stanbul, TURKEY \u041d\u0430 \u043c\u0435\u0442\u0440\u043e \u0421\u0430\u0434\u0438\u0442\u0435\u0441\u044c \u043d\u0430 \u043b\u0438\u043d\u0438\u044e \u043c\u0435\u0442\u0440\u043e M11 \u0432 \u0430\u044d\u0440\u043e\u043f\u043e\u0440\u0442\u0443 \u0421\u0442\u0430\u043c\u0431\u0443\u043b\u0430 \u0438 \u043f\u043e\u0435\u0437\u0436\u0430\u0439\u0442\u0435 \u0434\u043e Gayrettepe (30 \u043c\u0438\u043d\u0443\u0442). \u041d\u0430 Gayrettepe \u043f\u0435\u0440\u0435\u0441\u0430\u0436\u0438\u0432\u0430\u0439\u0442\u0435\u0441\u044c \u043d\u0430 [&hellip;]<\/p>\n","protected":false},"author":1,"featured_media":0,"parent":0,"menu_order":0,"comment_status":"closed","ping_status":"closed","template":"print-page.php","meta":{"footnotes":""},"class_list":["post-7160","page","type-page","status-publish","hentry"],"_links":{"self":[{"href":"https:\/\/romanceistanbulhotel.com\/ru\/wp-json\/wp\/v2\/pages\/7160","targetHints":{"allow":["GET"]}}],"collection":[{"href":"https:\/\/romanceistanbulhotel.com\/ru\/wp-json\/wp\/v2\/pages"}],"about":[{"href":"https:\/\/romanceistanbulhotel.com\/ru\/wp-json\/wp\/v2\/types\/page"}],"author":[{"embeddable":true,"href":"https:\/\/romanceistanbulhotel.com\/ru\/wp-json\/wp\/v2\/users\/1"}],"replies":[{"embeddable":true,"href":"https:\/\/romanceistanbulhotel.com\/ru\/wp-json\/wp\/v2\/comments?post=7160"}],"version-history":[{"count":2,"href":"https:\/\/romanceistanbulhotel.com\/ru\/wp-json\/wp\/v2\/pages\/7160\/revisions"}],"predecessor-version":[{"id":10146,"href":"https:\/\/romanceistanbulhotel.com\/ru\/wp-json\/wp\/v2\/pages\/7160\/revisions\/10146"}],"wp:attachment":[{"href":"https:\/\/romanceistanbulhotel.com\/ru\/wp-json\/wp\/v2\/media?parent=7160"}],"curies":[{"name":"wp","href":"https:\/\/api.w.org\/{rel}","templated":true}]}}