{"id":7124,"date":"2021-01-26T16:50:40","date_gmt":"2021-01-26T13:50:40","guid":{"rendered":"https:\/\/romanceistanbulhotel.com\/statement-and-policy-of-security\/"},"modified":"2021-09-28T23:50:40","modified_gmt":"2021-09-28T20:50:40","slug":"statement-and-policy-of-security","status":"publish","type":"page","link":"https:\/\/romanceistanbulhotel.com\/ru\/statement-and-policy-of-security\/","title":{"rendered":"\u0417\u0430\u044f\u0432\u043b\u0435\u043d\u0438\u0435 \u0438 \u043f\u043e\u043b\u0438\u0442\u0438\u043a\u0430 \u0431\u0435\u0437\u043e\u043f\u0430\u0441\u043d\u043e\u0441\u0442\u0438"},"content":{"rendered":"\n<p><strong>STATEMENT AND POLICY OF SECURITY :<\/strong><\/p>\n\n\n\n<p>www.romanceistanbulhotel.com, applies various security measures to ensure all its members to have a safe and enjoying accommodation experience. Your credit card details are only used during reservation process on&nbsp;<a href=\"https:\/\/romanceistanbulhotel.com\/?lang=ru\">www.romanceistanbulhotel.com&nbsp;<\/a>and they are absolutely not kept on any data base.<\/p>\n\n\n\n<p>Ensuring that confidential information is sent only to&nbsp;<a href=\"https:\/\/romanceistanbulhotel.com\/?lang=ru\">www.romanceistanbulhotel.com&nbsp;<\/a>, SSL Certificate having 128 bytes, is used to keep the confidentiality of transformed information.<\/p>\n\n\n\n<p>This security statement is valid for all internet sites of YA\u015eMAK TUR\u0130ZM VE T\u0130CARET A.\u015e. Please do not hesitate to get in touch with us if you have any questions.<\/p>\n","protected":false},"excerpt":{"rendered":"<p>STATEMENT AND POLICY OF SECURITY : www.romanceistanbulhotel.com, applies various security measures to ensure all its members to have a safe and enjoying accommodation experience. Your credit card details are only used during reservation process on&nbsp;www.romanceistanbulhotel.com&nbsp;and they are absolutely not kept on any data base. Ensuring that confidential information is sent only to&nbsp;www.romanceistanbulhotel.com&nbsp;, SSL Certificate having 128 bytes, is used to keep the confidentiality of transformed information. This security statement is valid for all internet sites of YA\u015eMAK TUR\u0130ZM VE T\u0130CARET A.\u015e. Please do not hesitate to get in touch with us if you have any questions.<\/p>\n","protected":false},"author":1,"featured_media":0,"parent":0,"menu_order":0,"comment_status":"closed","ping_status":"closed","template":"","meta":{"footnotes":""},"class_list":["post-7124","page","type-page","status-publish","hentry"],"_links":{"self":[{"href":"https:\/\/romanceistanbulhotel.com\/ru\/wp-json\/wp\/v2\/pages\/7124","targetHints":{"allow":["GET"]}}],"collection":[{"href":"https:\/\/romanceistanbulhotel.com\/ru\/wp-json\/wp\/v2\/pages"}],"about":[{"href":"https:\/\/romanceistanbulhotel.com\/ru\/wp-json\/wp\/v2\/types\/page"}],"author":[{"embeddable":true,"href":"https:\/\/romanceistanbulhotel.com\/ru\/wp-json\/wp\/v2\/users\/1"}],"replies":[{"embeddable":true,"href":"https:\/\/romanceistanbulhotel.com\/ru\/wp-json\/wp\/v2\/comments?post=7124"}],"version-history":[{"count":1,"href":"https:\/\/romanceistanbulhotel.com\/ru\/wp-json\/wp\/v2\/pages\/7124\/revisions"}],"predecessor-version":[{"id":8259,"href":"https:\/\/romanceistanbulhotel.com\/ru\/wp-json\/wp\/v2\/pages\/7124\/revisions\/8259"}],"wp:attachment":[{"href":"https:\/\/romanceistanbulhotel.com\/ru\/wp-json\/wp\/v2\/media?parent=7124"}],"curies":[{"name":"wp","href":"https:\/\/api.w.org\/{rel}","templated":true}]}}